{"id":4533,"date":"2023-02-03T15:33:03","date_gmt":"2023-02-03T14:33:03","guid":{"rendered":"https:\/\/www.bookingkirkenes.no\/?post_type=product&#038;p=4533"},"modified":"2026-03-26T13:46:52","modified_gmt":"2026-03-26T12:46:52","slug":"transfer-airport-hotel-pier","status":"publish","type":"product","link":"https:\/\/www.bookingkirkenes.no\/de\/produkt\/transfer-airport-hotel-pier\/","title":{"rendered":"Flughafentransfer: vom Flughafen Kirkenes nach Kirkenes (Hotels\/Pier)"},"content":{"rendered":"<p><strong>Mehr Informationen<\/strong><\/p>\n<p>Wir bieten Transfer vom Flughafen zu Ihrem Hotel in <a href=\"https:\/\/www.youtube.com\/watch?v=kn_GmZSr7Fw\" target=\"_blank\" rel=\"noopener\">Kirkenes<\/a> oder zum Pier f\u00fcr die Abfahrt mit Hurtigruten\/Havila. Unsere Fahrer empfangen Sie in der Ankunftshalle mit einem Willkommensschild und fahren Sie im Kleinbus, Minivan oder Taxi.<br \/>\nDieser Transfer ist f\u00fcr 1 bis 15 Personen buchbar, f\u00fcr gr\u00f6\u00dfere Gruppen senden Sie uns bitte eine E-Mail.<\/p>\n<p>Preise:<br \/>\n1500 NOK f\u00fcr eine Limousine, 1-3 Personen<br \/>\n2300 NOK for a minivan, 1 \u2013 6 persons<br \/>\n3100 NOK f\u00fcr einen Kleinbus, 1 \u2013 15 Personen<br \/>\n*Der Preis beinhaltet die Transfer- und Flughafengeb\u00fchr<\/p>\n<p><strong>Informationen zu Buchung und Zahlung:<\/strong><\/p>\n<ul>\n<li><em>W\u00e4hlen Sie das Datum, die Abholzeit, die Anzahl der G\u00e4ste und den Abholort<\/em><\/li>\n<li><em>Jetzt buchen: Die Tour erscheint im Warenkorb<\/em><\/li>\n<li><em>Klicken Sie auf den Warenkorb und zur Kasse<\/em><\/li>\n<li><em>Auf der n\u00e4chsten Seite m\u00fcssen Sie uns Ihre Rechnungsdaten mitteilen<\/em><\/li>\n<li><em>Bitte lesen Sie die Details zu den Stornierungsbedingungen hier: <a href=\"https:\/\/www.bookingkirkenes.no\/de\/about-us\/general-terms\/\" target=\"_blank\" rel=\"noopener\">https:\/\/www.bookingkirkenes.no\/about-us\/general-terms\/<\/a><\/em><\/li>\n<li><em>Ben\u00f6tigen Sie Hilfe bei Ihrer Buchung: Senden Sie uns eine E-Mail info@bookingkirkenes.no oder rufen Sie uns an unter +47 78 99 50 80<\/em><\/li>\n<\/ul>\n<p>&nbsp;<\/p>","protected":false},"excerpt":{"rendered":"<p>Wir bieten Transfer vom Flughafen zu Ihrem Hotel in <a href=\"https:\/\/www.youtube.com\/watch?v=kn_GmZSr7Fw\" target=\"_blank\" rel=\"noopener\">Kirkenes<\/a> oder zum Pier f\u00fcr die Abfahrt mit Hurtigruten\/Havila. <a href=\"https:\/\/www.tripadvisor.com\/Attraction_Review-g227953-d3529784-Reviews-Booking_Kirkenes-Kirkenes_Sor_Varanger_Municipality_Finnmark_Northern_Norway.html\" target=\"_blank\" rel=\"noopener\">Unsere Fahrer<\/a> will meet you in the arrival hall with a welcome sign and drive you in a minibus, minivan or in taxi cars, depending on group size.<br \/>\nDieser Transfer ist f\u00fcr 1 bis 15 Personen buchbar, f\u00fcr gr\u00f6\u00dfere Gruppen senden Sie uns bitte eine E-Mail.<\/p>","protected":false},"featured_media":2281,"comment_status":"open","ping_status":"closed","template":"","meta":{"site-sidebar-layout":"default","site-content-layout":"default","ast-site-content-layout":"default","site-content-style":"default","site-sidebar-style":"default","ast-global-header-display":"","ast-banner-title-visibility":"","ast-main-header-display":"","ast-hfb-above-header-display":"","ast-hfb-below-header-display":"","ast-hfb-mobile-header-display":"","site-post-title":"","ast-breadcrumbs-content":"","ast-featured-img":"","footer-sml-layout":"","ast-disable-related-posts":"","theme-transparent-header-meta":"default","adv-header-id-meta":"","stick-header-meta":"","header-above-stick-meta":"","header-main-stick-meta":"","header-below-stick-meta":"","astra-migrate-meta-layouts":"set","ast-page-background-enabled":"default","ast-page-background-meta":{"desktop":{"background-color":"var(--ast-global-color-4)","background-image":"","background-repeat":"repeat","background-position":"center center","background-size":"auto","background-attachment":"scroll","background-type":"","background-media":"","overlay-type":"","overlay-color":"","overlay-opacity":"","overlay-gradient":""},"tablet":{"background-color":"","background-image":"","background-repeat":"repeat","background-position":"center center","background-size":"auto","background-attachment":"scroll","background-type":"","background-media":"","overlay-type":"","overlay-color":"","overlay-opacity":"","overlay-gradient":""},"mobile":{"background-color":"","background-image":"","background-repeat":"repeat","background-position":"center center","background-size":"auto","background-attachment":"scroll","background-type":"","background-media":"","overlay-type":"","overlay-color":"","overlay-opacity":"","overlay-gradient":""}},"ast-content-background-meta":{"desktop":{"background-color":"var(--ast-global-color-5)","background-image":"","background-repeat":"repeat","background-position":"center center","background-size":"auto","background-attachment":"scroll","background-type":"","background-media":"","overlay-type":"","overlay-color":"","overlay-opacity":"","overlay-gradient":""},"tablet":{"background-color":"var(--ast-global-color-5)","background-image":"","background-repeat":"repeat","background-position":"center center","background-size":"auto","background-attachment":"scroll","background-type":"","background-media":"","overlay-type":"","overlay-color":"","overlay-opacity":"","overlay-gradient":""},"mobile":{"background-color":"var(--ast-global-color-5)","background-image":"","background-repeat":"repeat","background-position":"center center","background-size":"auto","background-attachment":"scroll","background-type":"","background-media":"","overlay-type":"","overlay-color":"","overlay-opacity":"","overlay-gradient":""}}},"product_brand":[],"product_cat":[16,354],"product_tag":[],"class_list":{"0":"post-4533","1":"product","2":"type-product","3":"status-publish","4":"has-post-thumbnail","6":"product_cat-ukategorisert","7":"product_cat-transfers","8":"desktop-align-left","9":"tablet-align-left","10":"mobile-align-left","12":"first","13":"instock","14":"virtual","15":"sold-individually","16":"taxable","17":"purchasable","18":"product-type-phive_booking"},"aioseo_notices":[],"_links":{"self":[{"href":"https:\/\/www.bookingkirkenes.no\/de\/wp-json\/wp\/v2\/product\/4533","targetHints":{"allow":["GET"]}}],"collection":[{"href":"https:\/\/www.bookingkirkenes.no\/de\/wp-json\/wp\/v2\/product"}],"about":[{"href":"https:\/\/www.bookingkirkenes.no\/de\/wp-json\/wp\/v2\/types\/product"}],"replies":[{"embeddable":true,"href":"https:\/\/www.bookingkirkenes.no\/de\/wp-json\/wp\/v2\/comments?post=4533"}],"version-history":[{"count":15,"href":"https:\/\/www.bookingkirkenes.no\/de\/wp-json\/wp\/v2\/product\/4533\/revisions"}],"predecessor-version":[{"id":15289,"href":"https:\/\/www.bookingkirkenes.no\/de\/wp-json\/wp\/v2\/product\/4533\/revisions\/15289"}],"wp:featuredmedia":[{"embeddable":true,"href":"https:\/\/www.bookingkirkenes.no\/de\/wp-json\/wp\/v2\/media\/2281"}],"wp:attachment":[{"href":"https:\/\/www.bookingkirkenes.no\/de\/wp-json\/wp\/v2\/media?parent=4533"}],"wp:term":[{"taxonomy":"product_brand","embeddable":true,"href":"https:\/\/www.bookingkirkenes.no\/de\/wp-json\/wp\/v2\/product_brand?post=4533"},{"taxonomy":"product_cat","embeddable":true,"href":"https:\/\/www.bookingkirkenes.no\/de\/wp-json\/wp\/v2\/product_cat?post=4533"},{"taxonomy":"product_tag","embeddable":true,"href":"https:\/\/www.bookingkirkenes.no\/de\/wp-json\/wp\/v2\/product_tag?post=4533"}],"curies":[{"name":"wp","href":"https:\/\/api.w.org\/{rel}","templated":true}]}}