{"id":421,"date":"2021-10-25T11:05:17","date_gmt":"2021-10-25T09:05:17","guid":{"rendered":"https:\/\/www.bookingkirkenes.no\/?post_type=product&#038;p=421"},"modified":"2026-04-22T09:51:01","modified_gmt":"2026-04-22T07:51:01","slug":"visit-to-the-snow-resort","status":"publish","type":"product","link":"https:\/\/www.bookingkirkenes.no\/de\/produkt\/visit-to-the-snow-resort\/","title":{"rendered":"Visit to the Snow Resort (KI18-sh)"},"content":{"rendered":"<p>Besuchen Sie das coolste Hotel mit seiner entspannten Bar im <a href=\"https:\/\/www.youtube.com\/watch?v=_1Y9jZ33gqI\" target=\"_blank\" rel=\"noopener\">Kirkenes Snow Resort<\/a>Eine beeindruckende Architektur, nur aus Schnee und Eis erbaut. Rentiere streifen in ihrer nat\u00fcrlichen Umgebung um das Hotel herum. Unsere Huskys in den Zwingern sind bereit f\u00fcr einen Auslauf. Genie\u00dfen Sie eine Tasse Tee oder Kaffee am offenen Kamin in unserem Lavvu-Restaurant.<\/p>\n<p>Verf\u00fcgbar 01.12 \u2013 30.04<br \/>\nBitte beachten Sie, dass diese Tour das ganze Jahr \u00fcber verf\u00fcgbar ist. Bei Buchung im Zeitraum Mai \u2013 Nov buchen Sie bitte die Sommertour mit Buchungscode <a href=\"https:\/\/www.bookingkirkenes.no\/de\/produkt\/snowhotel-summer-visit-ks18\/\">KS18<\/a><br \/>\nDauer 2 Stunden<br \/>\n13.00 &#8211; 15.00<\/p>\n<p><strong>Preis:<\/strong> Adult 1250 NOK per person, Children 625 NOK per child ( 4-11 years )<\/p>\n<p>inklusive Transport vom\/zum Hotel, Reisef\u00fchrer, Eintrittskarte<\/p>\n<p><strong>Informationen zu Buchung und Zahlung:<\/strong><\/p>\n<ul>\n<li><em>W\u00e4hlen Sie das Datum, die Abholzeit, die Anzahl der G\u00e4ste und den Abholort<\/em><\/li>\n<li><em>Jetzt buchen: Die Tour erscheint im Warenkorb<\/em><\/li>\n<li><em>Klicken Sie auf den Warenkorb und zur Kasse<\/em><\/li>\n<li><em>Auf der n\u00e4chsten Seite m\u00fcssen Sie uns Ihre Rechnungsdaten mitteilen<\/em><\/li>\n<li><em>Die Zahlung kann per Karte (Visa\/Master) und PayPal erfolgen<\/em><\/li>\n<li><em>Bitte lesen Sie die Details zu den Stornierungsbedingungen hier: <a href=\"https:\/\/www.bookingkirkenes.no\/de\/about-us\/general-terms\/\" target=\"_blank\" rel=\"noopener\">https:\/\/www.bookingkirkenes.no\/about-us\/general-terms\/<\/a><\/em><\/li>\n<li><em>Ben\u00f6tigen Sie Hilfe bei Ihrer Buchung: Senden Sie uns eine E-Mail info@bookingkirkenes.no oder rufen Sie uns an unter +47 78 99 50 80<\/em><\/li>\n<\/ul>","protected":false},"excerpt":{"rendered":"<p>Besuchen Sie das coolste Hotel mit seinen wundersch\u00f6n dekorierten Zimmern und Eisskulpturen. Rentiere streifen um das Hotel herum und Sie k\u00f6nnen mit unseren gem\u00fctlichen Hunden (Huskys) kuscheln. Das Schneehotel kann das ganze Jahr \u00fcber besucht werden. F\u00fcr Touren im Sommer (Mai \u2013 Nov) klicken Sie bitte hier: <a href=\"https:\/\/www.bookingkirkenes.no\/de\/produkt\/snowhotel-summer-visit-ks18\/\">Schneehotel Sommerbesuch<\/a><\/p>","protected":false},"featured_media":1205,"comment_status":"closed","ping_status":"closed","template":"","meta":{"site-sidebar-layout":"default","site-content-layout":"default","ast-site-content-layout":"default","site-content-style":"default","site-sidebar-style":"default","ast-global-header-display":"","ast-banner-title-visibility":"","ast-main-header-display":"","ast-hfb-above-header-display":"","ast-hfb-below-header-display":"","ast-hfb-mobile-header-display":"","site-post-title":"","ast-breadcrumbs-content":"","ast-featured-img":"","footer-sml-layout":"","ast-disable-related-posts":"","theme-transparent-header-meta":"default","adv-header-id-meta":"","stick-header-meta":"","header-above-stick-meta":"","header-main-stick-meta":"","header-below-stick-meta":"","astra-migrate-meta-layouts":"set","ast-page-background-enabled":"default","ast-page-background-meta":{"desktop":{"background-color":"var(--ast-global-color-4)","background-image":"","background-repeat":"repeat","background-position":"center center","background-size":"auto","background-attachment":"scroll","background-type":"","background-media":"","overlay-type":"","overlay-color":"","overlay-opacity":"","overlay-gradient":""},"tablet":{"background-color":"","background-image":"","background-repeat":"repeat","background-position":"center center","background-size":"auto","background-attachment":"scroll","background-type":"","background-media":"","overlay-type":"","overlay-color":"","overlay-opacity":"","overlay-gradient":""},"mobile":{"background-color":"","background-image":"","background-repeat":"repeat","background-position":"center center","background-size":"auto","background-attachment":"scroll","background-type":"","background-media":"","overlay-type":"","overlay-color":"","overlay-opacity":"","overlay-gradient":""}},"ast-content-background-meta":{"desktop":{"background-color":"var(--ast-global-color-5)","background-image":"","background-repeat":"repeat","background-position":"center center","background-size":"auto","background-attachment":"scroll","background-type":"","background-media":"","overlay-type":"","overlay-color":"","overlay-opacity":"","overlay-gradient":""},"tablet":{"background-color":"var(--ast-global-color-5)","background-image":"","background-repeat":"repeat","background-position":"center center","background-size":"auto","background-attachment":"scroll","background-type":"","background-media":"","overlay-type":"","overlay-color":"","overlay-opacity":"","overlay-gradient":""},"mobile":{"background-color":"var(--ast-global-color-5)","background-image":"","background-repeat":"repeat","background-position":"center center","background-size":"auto","background-attachment":"scroll","background-type":"","background-media":"","overlay-type":"","overlay-color":"","overlay-opacity":"","overlay-gradient":""}}},"product_brand":[],"product_cat":[285,375],"product_tag":[],"class_list":{"0":"post-421","1":"product","2":"type-product","3":"status-publish","4":"has-post-thumbnail","6":"product_cat-snowhotel","7":"product_cat-winter-tours","8":"pa_month-januar","9":"pa_month-februar","10":"pa_month-mars","11":"pa_month-april","12":"pa_month-desember","13":"desktop-align-left","14":"tablet-align-left","15":"mobile-align-left","17":"first","18":"instock","19":"sold-individually","20":"taxable","21":"shipping-taxable","22":"purchasable","23":"product-type-phive_booking"},"aioseo_notices":[],"_links":{"self":[{"href":"https:\/\/www.bookingkirkenes.no\/de\/wp-json\/wp\/v2\/product\/421","targetHints":{"allow":["GET"]}}],"collection":[{"href":"https:\/\/www.bookingkirkenes.no\/de\/wp-json\/wp\/v2\/product"}],"about":[{"href":"https:\/\/www.bookingkirkenes.no\/de\/wp-json\/wp\/v2\/types\/product"}],"replies":[{"embeddable":true,"href":"https:\/\/www.bookingkirkenes.no\/de\/wp-json\/wp\/v2\/comments?post=421"}],"version-history":[{"count":19,"href":"https:\/\/www.bookingkirkenes.no\/de\/wp-json\/wp\/v2\/product\/421\/revisions"}],"predecessor-version":[{"id":15511,"href":"https:\/\/www.bookingkirkenes.no\/de\/wp-json\/wp\/v2\/product\/421\/revisions\/15511"}],"wp:featuredmedia":[{"embeddable":true,"href":"https:\/\/www.bookingkirkenes.no\/de\/wp-json\/wp\/v2\/media\/1205"}],"wp:attachment":[{"href":"https:\/\/www.bookingkirkenes.no\/de\/wp-json\/wp\/v2\/media?parent=421"}],"wp:term":[{"taxonomy":"product_brand","embeddable":true,"href":"https:\/\/www.bookingkirkenes.no\/de\/wp-json\/wp\/v2\/product_brand?post=421"},{"taxonomy":"product_cat","embeddable":true,"href":"https:\/\/www.bookingkirkenes.no\/de\/wp-json\/wp\/v2\/product_cat?post=421"},{"taxonomy":"product_tag","embeddable":true,"href":"https:\/\/www.bookingkirkenes.no\/de\/wp-json\/wp\/v2\/product_tag?post=421"}],"curies":[{"name":"wp","href":"https:\/\/api.w.org\/{rel}","templated":true}]}}