{"id":11155,"date":"2025-03-26T12:56:08","date_gmt":"2025-03-26T11:56:08","guid":{"rendered":"https:\/\/www.bookingkirkenes.no\/?post_type=product&#038;p=11155"},"modified":"2025-12-18T14:33:00","modified_gmt":"2025-12-18T13:33:00","slug":"visit-neiden-and-finnish-border-in-summer","status":"publish","type":"product","link":"https:\/\/www.bookingkirkenes.no\/de\/produkt\/visit-neiden-and-finnish-border-in-summer\/","title":{"rendered":"Visit Neiden and Finnish Border (HS04-pt)"},"content":{"rendered":"<p>\ud83c\udf3f <strong>Private Neiden Village &amp; Border Tour \u2013 Summer Experience<\/strong><\/p>\n<p>\ud83d\udcc5 <strong>Verf\u00fcgbar:<\/strong> Daily, 01.05 \u2013 30.09<br \/>\n\u23f0 <strong>Dauer:<\/strong> 4 Stunden<br \/>\n\ud83d\udd58 <strong>Abfahrtszeiten:<\/strong> 14:00 \u2013 18:00 (other departures on request)<br \/>\n\ud83d\udccd <strong>Abholen:<\/strong> Hotels, Hurtigruten\/Havila pier, Snowhotel, or Kirkenes Airport<\/p>\n<p><strong>Tour\u00fcbersicht<\/strong><\/p>\n<p>Explore the charming border village of Neiden on a <a href=\"https:\/\/www.tripadvisor.com\/Attraction_Review-g227953-d3529784-Reviews-Booking_Kirkenes-Kirkenes_Sor_Varanger_Municipality_Finnmark_Northern_Norway.html\" target=\"_blank\" rel=\"noopener\">private minivan tour with your own local guide<\/a>. Journey along scenic fjords, discover historic churches and chapels, and experience the fascinating cultural heritage of this Arctic borderland. This is a fully personal tour \u2014 no other guests join.<\/p>\n<p><strong>Was Sie erleben werden<\/strong><\/p>\n<p><strong>Scenic Drive &amp; Fjord Landscape:<\/strong><\/p>\n<ul>\n<li>Travel 40 km from <a href=\"https:\/\/www.youtube.com\/watch?v=VrUXtaNZFAk\" target=\"_blank\" rel=\"noopener\">Kirkenes<\/a> along the picturesque Munkefjord<\/li>\n<li>Enjoy panoramic fjord views and spot Arctic birds along the shore<\/li>\n<\/ul>\n<p><strong>Historic &amp; Cultural Sites:<\/strong><\/p>\n<ul>\n<li>Visit the site of the orthodox <strong>St. George\u2019s Chapel<\/strong> (1565)<\/li>\n<li>Take photo stops at <strong>Skoltefossen Waterfall<\/strong> und <strong>Neiden Church<\/strong><\/li>\n<li>Learn about Skolt Sami culture<\/li>\n<\/ul>\n<p><strong>Border Exploration:<\/strong><\/p>\n<ul>\n<li>Stop briefly at the Norwegian-Finnish border<\/li>\n<li>Visit the Finnish village <strong>N\u00e4\u00e4t\u00e4m\u00f6<\/strong> and hear stories about cross-border life<\/li>\n<\/ul>\n<p><strong>Bequemer Transport:<\/strong><\/p>\n<ul>\n<li>Private minivan with local guide for a relaxed and personalized experience<\/li>\n<\/ul>\n<p><strong>Inbegriffen<\/strong><\/p>\n<p>\u2705 Private minivan transport with pickup from hotel, pier, Snowhotel, or airport<br \/>\n\u2705 Local guide (English, German, French, or Norwegian on request)<br \/>\n\u2705 Entrance fees to museums or sites as mentioned<\/p>\n<p>\ud83d\udcb0 <strong>Preis:<\/strong><br \/>\n<strong>\u2022 8,800 NOK for 1\u20134 persons<\/strong><br \/>\n<strong>\u2022 From the 5th person: +2,200 NOK per additional guest<\/strong><\/p>\n<p><strong>Buchung &amp; Zahlung<\/strong><\/p>\n<ol>\n<li>Choose your date, pickup time, number of guests, and pickup location<\/li>\n<li>Klicken <strong>\u201eJetzt buchen\u201c<\/strong> \u2013 Ihre Tour erscheint im Warenkorb<\/li>\n<li>Go to the basket and proceed to checkout<\/li>\n<li>Enter your billing details<\/li>\n<\/ol>\n<p>\ud83d\udcb3 <strong>Zahlungsm\u00f6glichkeiten:<\/strong> Visa, MasterCard<\/p>\n<p>\u2757 <strong>Stornierungsbedingungen:<\/strong><br \/>\n\ud83d\udd17 <a href=\"https:\/\/www.bookingkirkenes.no\/de\/about-us\/general-terms\/\">Allgemeine Gesch\u00e4ftsbedingungen<\/a><\/p>\n<p>\ud83d\udcde <strong>Ben\u00f6tigen Sie Hilfe?<\/strong><br \/>\n\ud83d\udce7 info@bookingkirkenes.no<br \/>\n\ud83d\udcde +47 78 99 50 80<\/p>\n<p>&nbsp;<\/p>","protected":false},"excerpt":{"rendered":"<p>Tour zur finnischen Grenze und zum sch\u00f6nen Dorf Neiden am Fluss Neiden inklusive Stopp am Wasserfall Skoltefossen. \u00a0<a href=\"https:\/\/www.tripadvisor.com\/Attraction_Review-g227953-d3529784-Reviews-or10-Booking_Kirkenes-Kirkenes_Sor_Varanger_Municipality_Finnmark_Northern_Norway.html\" target=\"_blank\" rel=\"noopener\">Private F\u00fchrung<\/a>, keine anderen G\u00e4ste. Diese Tour findet das ganze Jahr \u00fcber statt. F\u00fcr die Buchung einer Wintertour nach Neiden von Dezember bis April bitte<a href=\"https:\/\/www.bookingkirkenes.no\/de\/produkt\/sightseeing-to-the-finnish-border-and-the-border-village-of-neiden-hw04-pt\/\"> klicken Sie hier<\/a>.<\/p>","protected":false},"featured_media":5168,"comment_status":"closed","ping_status":"closed","template":"","meta":{"site-sidebar-layout":"default","site-content-layout":"default","ast-site-content-layout":"default","site-content-style":"default","site-sidebar-style":"default","ast-global-header-display":"","ast-banner-title-visibility":"","ast-main-header-display":"","ast-hfb-above-header-display":"","ast-hfb-below-header-display":"","ast-hfb-mobile-header-display":"","site-post-title":"","ast-breadcrumbs-content":"","ast-featured-img":"","footer-sml-layout":"","ast-disable-related-posts":"","theme-transparent-header-meta":"default","adv-header-id-meta":"","stick-header-meta":"","header-above-stick-meta":"","header-main-stick-meta":"","header-below-stick-meta":"","astra-migrate-meta-layouts":"set","ast-page-background-enabled":"default","ast-page-background-meta":{"desktop":{"background-color":"var(--ast-global-color-4)","background-image":"","background-repeat":"repeat","background-position":"center center","background-size":"auto","background-attachment":"scroll","background-type":"","background-media":"","overlay-type":"","overlay-color":"","overlay-opacity":"","overlay-gradient":""},"tablet":{"background-color":"","background-image":"","background-repeat":"repeat","background-position":"center center","background-size":"auto","background-attachment":"scroll","background-type":"","background-media":"","overlay-type":"","overlay-color":"","overlay-opacity":"","overlay-gradient":""},"mobile":{"background-color":"","background-image":"","background-repeat":"repeat","background-position":"center center","background-size":"auto","background-attachment":"scroll","background-type":"","background-media":"","overlay-type":"","overlay-color":"","overlay-opacity":"","overlay-gradient":""}},"ast-content-background-meta":{"desktop":{"background-color":"var(--ast-global-color-5)","background-image":"","background-repeat":"repeat","background-position":"center center","background-size":"auto","background-attachment":"scroll","background-type":"","background-media":"","overlay-type":"","overlay-color":"","overlay-opacity":"","overlay-gradient":""},"tablet":{"background-color":"var(--ast-global-color-5)","background-image":"","background-repeat":"repeat","background-position":"center center","background-size":"auto","background-attachment":"scroll","background-type":"","background-media":"","overlay-type":"","overlay-color":"","overlay-opacity":"","overlay-gradient":""},"mobile":{"background-color":"var(--ast-global-color-5)","background-image":"","background-repeat":"repeat","background-position":"center center","background-size":"auto","background-attachment":"scroll","background-type":"","background-media":"","overlay-type":"","overlay-color":"","overlay-opacity":"","overlay-gradient":""}}},"product_brand":[],"product_cat":[281,283],"product_tag":[341],"class_list":{"0":"post-11155","1":"product","2":"type-product","3":"status-publish","4":"has-post-thumbnail","6":"product_cat-local-guiding","7":"product_cat-sightseeing-by-bus","8":"product_tag-summer","9":"pa_month-mai","10":"pa_month-juni","11":"pa_month-juli","12":"pa_month-august","13":"pa_month-september","14":"pa_month-oktober","15":"pa_month-november","16":"desktop-align-left","17":"tablet-align-left","18":"mobile-align-left","20":"first","21":"instock","22":"virtual","23":"sold-individually","24":"taxable","25":"purchasable","26":"product-type-phive_booking"},"aioseo_notices":[],"_links":{"self":[{"href":"https:\/\/www.bookingkirkenes.no\/de\/wp-json\/wp\/v2\/product\/11155","targetHints":{"allow":["GET"]}}],"collection":[{"href":"https:\/\/www.bookingkirkenes.no\/de\/wp-json\/wp\/v2\/product"}],"about":[{"href":"https:\/\/www.bookingkirkenes.no\/de\/wp-json\/wp\/v2\/types\/product"}],"replies":[{"embeddable":true,"href":"https:\/\/www.bookingkirkenes.no\/de\/wp-json\/wp\/v2\/comments?post=11155"}],"version-history":[{"count":15,"href":"https:\/\/www.bookingkirkenes.no\/de\/wp-json\/wp\/v2\/product\/11155\/revisions"}],"predecessor-version":[{"id":13956,"href":"https:\/\/www.bookingkirkenes.no\/de\/wp-json\/wp\/v2\/product\/11155\/revisions\/13956"}],"wp:featuredmedia":[{"embeddable":true,"href":"https:\/\/www.bookingkirkenes.no\/de\/wp-json\/wp\/v2\/media\/5168"}],"wp:attachment":[{"href":"https:\/\/www.bookingkirkenes.no\/de\/wp-json\/wp\/v2\/media?parent=11155"}],"wp:term":[{"taxonomy":"product_brand","embeddable":true,"href":"https:\/\/www.bookingkirkenes.no\/de\/wp-json\/wp\/v2\/product_brand?post=11155"},{"taxonomy":"product_cat","embeddable":true,"href":"https:\/\/www.bookingkirkenes.no\/de\/wp-json\/wp\/v2\/product_cat?post=11155"},{"taxonomy":"product_tag","embeddable":true,"href":"https:\/\/www.bookingkirkenes.no\/de\/wp-json\/wp\/v2\/product_tag?post=11155"}],"curies":[{"name":"wp","href":"https:\/\/api.w.org\/{rel}","templated":true}]}}