{"id":10755,"date":"2025-01-30T14:39:35","date_gmt":"2025-01-30T13:39:35","guid":{"rendered":"https:\/\/www.bookingkirkenes.no\/?post_type=product&#038;p=10755"},"modified":"2026-05-06T09:44:53","modified_gmt":"2026-05-06T07:44:53","slug":"northern-lights-evening-dinner","status":"publish","type":"product","link":"https:\/\/www.bookingkirkenes.no\/de\/produkt\/northern-lights-evening-dinner\/","title":{"rendered":"Northern Lights Evening &#038; Dinner (KP08)"},"content":{"rendered":"<p>\u2744\ufe0f <strong>Snow Resort Evening &amp; Northern Lights Tour<\/strong><\/p>\n<p>\ud83d\udcc5 <strong>Verf\u00fcgbar:<\/strong> Daily, December 1 \u2013 April 10<br \/>\n\u23f0 <strong>Dauer:<\/strong> 6.5 hours<br \/>\n\ud83d\udd58 <strong>Abfahrtszeit:<\/strong> 17:00 \u2013 Pickup from your hotel in Kirkenes<\/p>\n<p>\ud83d\udcb0 <strong>Preis:<\/strong><br \/>\n\u2022 Adults: 3,850 NOK per person<br \/>\n\u2022 Children (7\u201311 years): 1,925 NOK per child<\/p>\n<p>Special events 24.12 &amp; 31.12 : \u2022 Adults: 5,400 NOK per person\u00a0 \/ \u2022 Children (7\u201311 years): 3,475 NOK per child<\/p>\n<p>\ud83d\ude90 <strong>Abholen:<\/strong> Hotels in <a href=\"https:\/\/www.youtube.com\/watch?v=VrUXtaNZFAk\" target=\"_blank\" rel=\"noopener\">Kirkenes<\/a><\/p>\n<p>\ud83e\udded <strong>Tour\u00fcbersicht<\/strong><\/p>\n<p>Experience the magic of Arctic Norway on this unforgettable evening tour. Combining <strong>local culture, wildlife encounters, and Northern Lights hunting<\/strong>, this tour is perfect for families, couples, or small groups seeking a truly immersive Arctic experience.<\/p>\n<p>The adventure begins at the <strong>Snow Resort Kirkenes<\/strong>, a unique ice and snow hotel. Explore artfully carved ice rooms and sculptures, meet huskies and reindeer, and enjoy a traditional <strong>3-G\u00e4nge-Arktis-Dinner<\/strong> at the log-style L\u00e5ven Restaurant. After dinner, head out on a guided <strong>Northern Lights chase by minibus<\/strong>, with expert guidance to maximize your chances of seeing <a href=\"https:\/\/www.norway-lights.com\/destinations\/kirkenes\" target=\"_blank\" rel=\"noopener\">the Aurora Borealis<\/a>.<\/p>\n<p>\ud83d\udd0d <strong>Was Sie erleben werden<\/strong><\/p>\n<p><strong>\u2744\ufe0f<\/strong><strong> Snow Resort Kirkenes Visit<\/strong><br \/>\n\u2022 Pickup at 17:00 from your hotel<br \/>\n\u2022 Guided tour of the Snow Resort, including ice rooms, sculptures, and themed ice suites<br \/>\n\u2022 Meet and interact with friendly husky dogs \ud83d\udc15<br \/>\n\u2022 Visit the reindeer \ud83e\udd8c and learn about their role in Sami culture<br \/>\n\u2022 Plenty of photo opportunities inside and outside the ice hotel<\/p>\n<p><strong>\ud83c\udf7d<\/strong><strong>\ufe0f Dinner at L\u00e5ven Restaurant<\/strong><br \/>\n\u2022 Enjoy a 3-course dinner featuring locally sourced Arctic ingredients<br \/>\n\u2022 Taste regional specialties like reindeer, local fish, and seasonal Arctic vegetables<br \/>\n\u2022 Cozy log-style restaurant atmosphere with warm lighting and rustic d\u00e9cor<\/p>\n<p><strong>\ud83c\udf0c<\/strong><strong> Northern Lights Hunt by Minibus<\/strong><br \/>\n\u2022 Departs 21:00 from the restaurant<br \/>\n\u2022 Scenic drive east towards the Russian border, west towards Finland, or south into Pasvik Valley<br \/>\n\u2022 Multiple stops for photos, scenic views, and Aurora spotting<br \/>\n\u2022 Learn about the science, folklore, and Sami traditions of the Aurora Borealis<br \/>\n\u2022 Even if the Northern Lights aren\u2019t visible, enjoy the peaceful Arctic night landscape<\/p>\n<p><strong>\ud83c\udfe0<\/strong><strong> Return to Hotel<\/strong><br \/>\n\u2022 23:30 \u2013 Arrive back at your hotel in Kirkenes<br \/>\n\u2022 Comfortable private transport ensures a relaxing end to the evening<\/p>\n<p>\u2705 <strong>Details der Tour<\/strong><\/p>\n<ul>\n<li><strong>Inbegriffen:<\/strong> All transportation, professional guide, Snow Resort entrance fees, 3-course Arctic dinner, husky and reindeer experience, Northern Lights minibus tour<br \/>\n\u2022 <strong>Sprachen:<\/strong> English (other languages available on request)<br \/>\n\u2022 <strong>Tips for Guests:<\/strong> Dress warmly, bring a camera or smartphone, consider tripod or camera mount for long-exposure photos, binoculars recommended for wildlife spotting<\/li>\n<\/ul>\n<p>\ud83d\uded2 <strong>Buchung &amp; Zahlung<\/strong><\/p>\n<ol>\n<li>W\u00e4hlen Sie Ihr Datum, die Anzahl der G\u00e4ste und den Abholort<\/li>\n<li>Klicken <strong>\u201eJetzt buchen\u201c<\/strong> um die Tour in Ihren Warenkorb zu legen<\/li>\n<li>Go to the basket and proceed to checkout<\/li>\n<li>Enter billing details to complete your booking<\/li>\n<\/ol>\n<p>\u274c <strong>Stornierungsbedingungen<\/strong><\/p>\n<p>\ud83d\udcc4 Lesen Sie hier die vollst\u00e4ndigen Stornierungsbedingungen: <a href=\"https:\/\/www.bookingkirkenes.no\/de\/about-us\/general-terms\/\">Allgemeine Gesch\u00e4ftsbedingungen<\/a><\/p>\n<p>\ud83d\udcde <strong>Ben\u00f6tigen Sie Hilfe?<\/strong><\/p>\n<p>\ud83d\udce7 E-Mail: info@bookingkirkenes.no<br \/>\n\ud83d\udcde Telefon: +47 78 99 50 80<\/p>\n<p>&nbsp;<\/p>","protected":false},"excerpt":{"rendered":"<p><strong>Buchen Sie das ultimative arktische Abenderlebnis!<\/strong><\/p>\n<p data-start=\"137\" data-end=\"461\">Treten Sie ein in ein Winterm\u00e4rchen mit diesem <strong data-start=\"176\" data-end=\"209\">unvergessliches Abendpaket<\/strong>Beginnen Sie Ihr Abenteuer mit einem magischen Besuch im <strong data-start=\"260\" data-end=\"286\">world-famous Snow Resort<\/strong>, wo glitzernde Eisskulpturen und gefrorene R\u00e4ume auf Sie warten. Begr\u00fc\u00dfen Sie unsere verspielten <strong data-start=\"368\" data-end=\"379\">Huskys<\/strong> und sanft von Hand f\u00fcttern <strong data-start=\"401\" data-end=\"413\">Ren<\/strong>, umgeben von der ruhigen Sch\u00f6nheit der Arktis.<\/p>\n<p data-start=\"463\" data-end=\"635\">W\u00e4rmen Sie sich anschlie\u00dfend mit einem <strong data-start=\"484\" data-end=\"517\">k\u00f6stliches 3-G\u00e4nge-Men\u00fc<\/strong> aus frischen, regionalen Zutaten in der charmanten Blockh\u00fctte <strong data-start=\"580\" data-end=\"602\">Restaurant \u201eL\u00e5ven\u201c<\/strong>\u2013 ein echter Vorgeschmack auf Nordnorwegen.<\/p>\n<p data-start=\"637\" data-end=\"985\">Nach dem Abendessen geht es weiter mit einem <strong data-start=\"678\" data-end=\"712\">spannende Nordlichtjagd<\/strong> mit dem Bus. Unser erfahrener Fahrer bringt Sie weit weg von den Lichtern der Stadt \u2013 tief in die arktische Wildnis \u2013 auf der Suche nach dem Tanz <strong data-start=\"836\" data-end=\"855\">Nordlicht<\/strong>Ob die Lichter erscheinen oder nicht, die Reise durch verschneite Landschaften unter dem arktischen Himmel ist eine Erinnerung, die Sie f\u00fcr immer sch\u00e4tzen werden.<\/p>\n<p data-start=\"987\" data-end=\"1056\" data-is-last-node=\"\" data-is-only-node=\"\"><strong data-start=\"987\" data-end=\"1033\">Besuchen Sie die Arktis nicht nur \u2013 erleben Sie sie.<\/strong> Buchen Sie jetzt Ihren Abend!<\/p>","protected":false},"featured_media":11375,"comment_status":"closed","ping_status":"closed","template":"","meta":{"site-sidebar-layout":"default","site-content-layout":"default","ast-site-content-layout":"default","site-content-style":"default","site-sidebar-style":"default","ast-global-header-display":"","ast-banner-title-visibility":"","ast-main-header-display":"","ast-hfb-above-header-display":"","ast-hfb-below-header-display":"","ast-hfb-mobile-header-display":"","site-post-title":"","ast-breadcrumbs-content":"","ast-featured-img":"","footer-sml-layout":"","ast-disable-related-posts":"","theme-transparent-header-meta":"default","adv-header-id-meta":"","stick-header-meta":"","header-above-stick-meta":"","header-main-stick-meta":"","header-below-stick-meta":"","astra-migrate-meta-layouts":"set","ast-page-background-enabled":"default","ast-page-background-meta":{"desktop":{"background-color":"var(--ast-global-color-4)","background-image":"","background-repeat":"repeat","background-position":"center center","background-size":"auto","background-attachment":"scroll","background-type":"","background-media":"","overlay-type":"","overlay-color":"","overlay-opacity":"","overlay-gradient":""},"tablet":{"background-color":"","background-image":"","background-repeat":"repeat","background-position":"center center","background-size":"auto","background-attachment":"scroll","background-type":"","background-media":"","overlay-type":"","overlay-color":"","overlay-opacity":"","overlay-gradient":""},"mobile":{"background-color":"","background-image":"","background-repeat":"repeat","background-position":"center center","background-size":"auto","background-attachment":"scroll","background-type":"","background-media":"","overlay-type":"","overlay-color":"","overlay-opacity":"","overlay-gradient":""}},"ast-content-background-meta":{"desktop":{"background-color":"var(--ast-global-color-5)","background-image":"","background-repeat":"repeat","background-position":"center center","background-size":"auto","background-attachment":"scroll","background-type":"","background-media":"","overlay-type":"","overlay-color":"","overlay-opacity":"","overlay-gradient":""},"tablet":{"background-color":"var(--ast-global-color-5)","background-image":"","background-repeat":"repeat","background-position":"center center","background-size":"auto","background-attachment":"scroll","background-type":"","background-media":"","overlay-type":"","overlay-color":"","overlay-opacity":"","overlay-gradient":""},"mobile":{"background-color":"var(--ast-global-color-5)","background-image":"","background-repeat":"repeat","background-position":"center center","background-size":"auto","background-attachment":"scroll","background-type":"","background-media":"","overlay-type":"","overlay-color":"","overlay-opacity":"","overlay-gradient":""}}},"product_brand":[],"product_cat":[331,289,361,285,375],"product_tag":[],"class_list":{"0":"post-10755","1":"product","2":"type-product","3":"status-publish","4":"has-post-thumbnail","6":"product_cat-package","7":"product_cat-northern-lights","8":"product_cat-reindeer","9":"product_cat-snowhotel","10":"product_cat-winter-tours","11":"pa_month-januar","12":"pa_month-februar","13":"pa_month-mars","14":"pa_month-april","15":"pa_month-desember","16":"desktop-align-left","17":"tablet-align-left","18":"mobile-align-left","20":"first","21":"instock","22":"virtual","23":"sold-individually","24":"taxable","25":"purchasable","26":"product-type-phive_booking"},"aioseo_notices":[],"_links":{"self":[{"href":"https:\/\/www.bookingkirkenes.no\/de\/wp-json\/wp\/v2\/product\/10755","targetHints":{"allow":["GET"]}}],"collection":[{"href":"https:\/\/www.bookingkirkenes.no\/de\/wp-json\/wp\/v2\/product"}],"about":[{"href":"https:\/\/www.bookingkirkenes.no\/de\/wp-json\/wp\/v2\/types\/product"}],"replies":[{"embeddable":true,"href":"https:\/\/www.bookingkirkenes.no\/de\/wp-json\/wp\/v2\/comments?post=10755"}],"version-history":[{"count":18,"href":"https:\/\/www.bookingkirkenes.no\/de\/wp-json\/wp\/v2\/product\/10755\/revisions"}],"predecessor-version":[{"id":15537,"href":"https:\/\/www.bookingkirkenes.no\/de\/wp-json\/wp\/v2\/product\/10755\/revisions\/15537"}],"wp:featuredmedia":[{"embeddable":true,"href":"https:\/\/www.bookingkirkenes.no\/de\/wp-json\/wp\/v2\/media\/11375"}],"wp:attachment":[{"href":"https:\/\/www.bookingkirkenes.no\/de\/wp-json\/wp\/v2\/media?parent=10755"}],"wp:term":[{"taxonomy":"product_brand","embeddable":true,"href":"https:\/\/www.bookingkirkenes.no\/de\/wp-json\/wp\/v2\/product_brand?post=10755"},{"taxonomy":"product_cat","embeddable":true,"href":"https:\/\/www.bookingkirkenes.no\/de\/wp-json\/wp\/v2\/product_cat?post=10755"},{"taxonomy":"product_tag","embeddable":true,"href":"https:\/\/www.bookingkirkenes.no\/de\/wp-json\/wp\/v2\/product_tag?post=10755"}],"curies":[{"name":"wp","href":"https:\/\/api.w.org\/{rel}","templated":true}]}}