{"id":3982,"date":"2022-10-28T10:06:39","date_gmt":"2022-10-28T08:06:39","guid":{"rendered":"https:\/\/www.bookingkirkenes.no\/?page_id=3982"},"modified":"2024-03-06T14:59:18","modified_gmt":"2024-03-06T13:59:18","slug":"eco-lighthouse","status":"publish","type":"page","link":"https:\/\/www.bookingkirkenes.no\/de\/eco-lighthouse\/","title":{"rendered":"\u00d6ko-Leuchtturm"},"content":{"rendered":"<div data-elementor-type=\"wp-page\" data-elementor-id=\"3982\" class=\"elementor elementor-3982\" data-elementor-post-type=\"page\">\n\t\t\t\t\t\t<section data-particle_enable=\"false\" data-particle-mobile-disabled=\"false\" class=\"elementor-section elementor-top-section elementor-element elementor-element-0fbaa13 elementor-section-boxed elementor-section-height-default elementor-section-height-default\" data-id=\"0fbaa13\" data-element_type=\"section\" data-e-type=\"section\" data-settings=\"{&quot;background_background&quot;:&quot;classic&quot;}\">\n\t\t\t\t\t\t<div class=\"elementor-container elementor-column-gap-default\">\n\t\t\t\t\t<div class=\"elementor-column elementor-col-100 elementor-top-column elementor-element elementor-element-5b1dd0c\" data-id=\"5b1dd0c\" data-element_type=\"column\" data-e-type=\"column\">\n\t\t\t<div class=\"elementor-widget-wrap\">\n\t\t\t\t\t\t\t<\/div>\n\t\t<\/div>\n\t\t\t\t\t<\/div>\n\t\t<\/section>\n\t\t\t\t<section data-particle_enable=\"false\" data-particle-mobile-disabled=\"false\" class=\"elementor-section elementor-top-section elementor-element elementor-element-9640a49 elementor-section-boxed elementor-section-height-default elementor-section-height-default\" data-id=\"9640a49\" data-element_type=\"section\" data-e-type=\"section\">\n\t\t\t\t\t\t<div class=\"elementor-container elementor-column-gap-default\">\n\t\t\t\t\t<div class=\"elementor-column elementor-col-100 elementor-top-column elementor-element elementor-element-029fe8c\" data-id=\"029fe8c\" data-element_type=\"column\" data-e-type=\"column\">\n\t\t\t<div class=\"elementor-widget-wrap elementor-element-populated\">\n\t\t\t\t\t\t<section data-particle_enable=\"false\" data-particle-mobile-disabled=\"false\" class=\"elementor-section elementor-inner-section elementor-element elementor-element-bb2cf4e elementor-section-boxed elementor-section-height-default elementor-section-height-default\" data-id=\"bb2cf4e\" data-element_type=\"section\" data-e-type=\"section\">\n\t\t\t\t\t\t<div class=\"elementor-container elementor-column-gap-default\">\n\t\t\t\t\t<div class=\"elementor-column elementor-col-50 elementor-inner-column elementor-element elementor-element-6ff72b0\" data-id=\"6ff72b0\" data-element_type=\"column\" data-e-type=\"column\">\n\t\t\t<div class=\"elementor-widget-wrap elementor-element-populated\">\n\t\t\t\t\t\t<div class=\"elementor-element elementor-element-cfc9aa6 elementor-widget elementor-widget-heading\" data-id=\"cfc9aa6\" data-element_type=\"widget\" data-e-type=\"widget\" data-widget_type=\"heading.default\">\n\t\t\t\t<div class=\"elementor-widget-container\">\n\t\t\t\t\t<h2 class=\"elementor-heading-title elementor-size-default\">Booking Kirkenes ist Eco-Lighthouse-zertifiziert!<\/h2>\t\t\t\t<\/div>\n\t\t\t\t<\/div>\n\t\t\t\t<div class=\"elementor-element elementor-element-ed32082 elementor-widget-divider--view-line elementor-widget elementor-widget-divider\" data-id=\"ed32082\" data-element_type=\"widget\" data-e-type=\"widget\" data-widget_type=\"divider.default\">\n\t\t\t\t<div class=\"elementor-widget-container\">\n\t\t\t\t\t\t\t<div class=\"elementor-divider\">\n\t\t\t<span class=\"elementor-divider-separator\">\n\t\t\t\t\t\t<\/span>\n\t\t<\/div>\n\t\t\t\t\t\t<\/div>\n\t\t\t\t<\/div>\n\t\t\t\t<div class=\"elementor-element elementor-element-9fd69b7 elementor-widget elementor-widget-text-editor\" data-id=\"9fd69b7\" data-element_type=\"widget\" data-e-type=\"widget\" data-widget_type=\"text-editor.default\">\n\t\t\t\t<div class=\"elementor-widget-container\">\n\t\t\t\t\t\t\t\t\t<p>Wir sind unglaublich stolz. Jetzt haben wir einen sichtbaren Beweis daf\u00fcr, dass wir Verantwortung \u00fcbernehmen, und ein konkretes Instrument, um kontinuierlich an Umweltverbesserungen und gr\u00fcnem Wandel zu arbeiten.<\/p><p>Unsere allgemeine Umweltpolitik:<br \/>PASVIKTURIST AS ist bestrebt, die umweltfreundlichste Erbringung aller seiner Dienstleistungen sicherzustellen.<\/p><p>Dies geschieht durch:<\/p><ul><li>Wir betrachten die Umwelt als einen nat\u00fcrlichen und integrierten Teil des Unternehmens<\/li><li>um Umweltanforderungen und Vorschriften von Beh\u00f6rden zu erf\u00fcllen.<\/li><li>m\u00f6gliche Verschmutzungsquellen zu identifizieren und zu reduzieren.<\/li><li>Wir streben eine effiziente Energienutzung und einen minimalen Einsatz von Verbrauchsmaterialien an<\/li><\/ul><p>Wir m\u00fcssen unsere Umweltarbeit im Unternehmen kontinuierlich aufrechterhalten und verbessern<\/p><p>Booking Kirkenes arbeitet nach den folgenden 10 Nachhaltigkeitsprinzipien und unser Ziel ist es, eine nachhaltige Tourismusindustrie in der Gemeinde S\u00f8r-Varanger zu schaffen.<\/p>\t\t\t\t\t\t\t\t<\/div>\n\t\t\t\t<\/div>\n\t\t\t\t<div class=\"elementor-element elementor-element-552bf4a elementor-widget elementor-widget-heading\" data-id=\"552bf4a\" data-element_type=\"widget\" data-e-type=\"widget\" data-widget_type=\"heading.default\">\n\t\t\t\t<div class=\"elementor-widget-container\">\n\t\t\t\t\t<h2 class=\"elementor-heading-title elementor-size-default\">Erhaltung von Natur, Kultur und Umwelt<\/h2>\t\t\t\t<\/div>\n\t\t\t\t<\/div>\n\t\t\t\t\t<\/div>\n\t\t<\/div>\n\t\t\t\t<div class=\"elementor-column elementor-col-50 elementor-inner-column elementor-element elementor-element-be90638\" data-id=\"be90638\" data-element_type=\"column\" data-e-type=\"column\">\n\t\t\t<div class=\"elementor-widget-wrap elementor-element-populated\">\n\t\t\t\t\t\t<div class=\"elementor-element elementor-element-d804e8a elementor-widget elementor-widget-image\" data-id=\"d804e8a\" data-element_type=\"widget\" data-e-type=\"widget\" data-widget_type=\"image.default\">\n\t\t\t\t<div class=\"elementor-widget-container\">\n\t\t\t\t\t\t\t\t\t\t\t\t\t\t\t<img fetchpriority=\"high\" decoding=\"async\" width=\"1024\" height=\"576\" src=\"https:\/\/www.bookingkirkenes.no\/wp-content\/uploads\/2021\/10\/Kongekrabbesommer14-1024x576.jpg\" class=\"attachment-large size-large wp-image-2253\" alt=\"\" srcset=\"https:\/\/www.bookingkirkenes.no\/wp-content\/uploads\/2021\/10\/Kongekrabbesommer14-1024x576.jpg 1024w, https:\/\/www.bookingkirkenes.no\/wp-content\/uploads\/2021\/10\/Kongekrabbesommer14-300x169.jpg 300w, https:\/\/www.bookingkirkenes.no\/wp-content\/uploads\/2021\/10\/Kongekrabbesommer14-768x432.jpg 768w, https:\/\/www.bookingkirkenes.no\/wp-content\/uploads\/2021\/10\/Kongekrabbesommer14-1536x864.jpg 1536w, https:\/\/www.bookingkirkenes.no\/wp-content\/uploads\/2021\/10\/Kongekrabbesommer14-18x10.jpg 18w, https:\/\/www.bookingkirkenes.no\/wp-content\/uploads\/2021\/10\/Kongekrabbesommer14-600x338.jpg 600w, https:\/\/www.bookingkirkenes.no\/wp-content\/uploads\/2021\/10\/Kongekrabbesommer14.jpg 2016w\" sizes=\"(max-width: 1024px) 100vw, 1024px\" \/>\t\t\t\t\t\t\t\t\t\t\t\t\t\t\t<\/div>\n\t\t\t\t<\/div>\n\t\t\t\t\t<\/div>\n\t\t<\/div>\n\t\t\t\t\t<\/div>\n\t\t<\/section>\n\t\t\t\t<div class=\"elementor-element elementor-element-8dcb895 elementor-widget elementor-widget-text-editor\" data-id=\"8dcb895\" data-element_type=\"widget\" data-e-type=\"widget\" data-widget_type=\"text-editor.default\">\n\t\t\t\t<div class=\"elementor-widget-container\">\n\t\t\t\t\t\t\t\t\t13.1. Kultureller Reichtum<br>\n\nDas historische Kulturerbe, die authentische Kultur, die Traditionen und Besonderheiten der lokalen Gemeinschaft zu respektieren, weiterzuentwickeln und hervorzuheben.\t\t\t\t\t\t\t\t<\/div>\n\t\t\t\t<\/div>\n\t\t\t\t<div class=\"elementor-element elementor-element-789bcfe elementor-widget elementor-widget-text-editor\" data-id=\"789bcfe\" data-element_type=\"widget\" data-e-type=\"widget\" data-widget_type=\"text-editor.default\">\n\t\t\t\t<div class=\"elementor-widget-container\">\n\t\t\t\t\t\t\t\t\t13.2. Die physische und visuelle Integrit\u00e4t der Landschaft<br>\n\nErhaltung und Weiterentwicklung der Landschaftsqualit\u00e4t sowohl f\u00fcr st\u00e4dtische als auch f\u00fcr l\u00e4ndliche Gebiete, damit die physische und visuelle Integrit\u00e4t der Landschaft nicht beeintr\u00e4chtigt wird.\t\t\t\t\t\t\t\t<\/div>\n\t\t\t\t<\/div>\n\t\t\t\t<div class=\"elementor-element elementor-element-bdcc96f elementor-widget elementor-widget-text-editor\" data-id=\"bdcc96f\" data-element_type=\"widget\" data-e-type=\"widget\" data-widget_type=\"text-editor.default\">\n\t\t\t\t<div class=\"elementor-widget-container\">\n\t\t\t\t\t\t\t\t\t13.3. Biodiversit\u00e4t<br>\n\nDie Erhaltung von Naturgebieten, Wildtieren und Lebensr\u00e4umen zu unterst\u00fctzen und deren Zerst\u00f6rung zu minimieren.\t\t\t\t\t\t\t\t<\/div>\n\t\t\t\t<\/div>\n\t\t\t\t<div class=\"elementor-element elementor-element-751b554 elementor-widget elementor-widget-text-editor\" data-id=\"751b554\" data-element_type=\"widget\" data-e-type=\"widget\" data-widget_type=\"text-editor.default\">\n\t\t\t\t<div class=\"elementor-widget-container\">\n\t\t\t\t\t\t\t\t\t13.4. Saubere Umwelt und Ressourceneffizienz<br>\n\nMinimierung der Luft-, Wasser- und Bodenverschmutzung durch Tourismusunternehmen und Touristen (einschlie\u00dflich L\u00e4rm) sowie Minimierung der Erzeugung ihrer Abf\u00e4lle und des Verbrauchs knapper und nicht erneuerbarer Ressourcen.\t\t\t\t\t\t\t\t<\/div>\n\t\t\t\t<\/div>\n\t\t\t\t<div class=\"elementor-element elementor-element-8988c1f elementor-widget elementor-widget-heading\" data-id=\"8988c1f\" data-element_type=\"widget\" data-e-type=\"widget\" data-widget_type=\"heading.default\">\n\t\t\t\t<div class=\"elementor-widget-container\">\n\t\t\t\t\t<h2 class=\"elementor-heading-title elementor-size-default\">Soziale Werte st\u00e4rken<\/h2>\t\t\t\t<\/div>\n\t\t\t\t<\/div>\n\t\t\t\t<div class=\"elementor-element elementor-element-8cbc6b2 elementor-widget elementor-widget-text-editor\" data-id=\"8cbc6b2\" data-element_type=\"widget\" data-e-type=\"widget\" data-widget_type=\"text-editor.default\">\n\t\t\t\t<div class=\"elementor-widget-container\">\n\t\t\t\t\t\t\t\t\t13.5. Lokale Lebensqualit\u00e4t und soziale Werte<br>\n\nDie Lebensqualit\u00e4t in der lokalen Gemeinschaft zu erhalten und zu st\u00e4rken, einschlie\u00dflich sozialer Strukturen, Zugang zu Ressourcen, Einrichtungen und \u00f6ffentlichen G\u00fctern f\u00fcr alle, sowie jede Form von sozialer Erniedrigung und Ausbeutung zu vermeiden. 13.6. Lokale Kontrolle und Verpflichtung<br>\nEinbindung und St\u00e4rkung der lokalen Gemeinschaft und lokaler Interessengruppen in Bezug auf Planung, Entscheidungsfindung und Entwicklung des lokalen Tourismus. 13.7. Arbeitsplatzqualit\u00e4t f\u00fcr Tourismusbesch\u00e4ftigte St\u00e4rkung der Qualit\u00e4t von Tourismusarbeitspl\u00e4tzen (direkt und indirekt), einschlie\u00dflich Lohnniveau und Arbeitsbedingungen ohne Diskriminierung aufgrund von Geschlecht, Rasse, Behinderung oder anderen Faktoren.\t\t\t\t\t\t\t\t<\/div>\n\t\t\t\t<\/div>\n\t\t\t\t<div class=\"elementor-element elementor-element-dbd2d1e elementor-widget elementor-widget-text-editor\" data-id=\"dbd2d1e\" data-element_type=\"widget\" data-e-type=\"widget\" data-widget_type=\"text-editor.default\">\n\t\t\t\t<div class=\"elementor-widget-container\">\n\t\t\t\t\t\t\t\t\t13.8. G\u00e4stezufriedenheit, Sicherheit und Erlebnisqualit\u00e4t<br>\n\nSichere, zufriedenstellende und bereichernde Erfahrungen f\u00fcr alle Touristen zu gew\u00e4hrleisten, unabh\u00e4ngig von Geschlecht, Rasse, Behinderung oder anderen Faktoren.\t\t\t\t\t\t\t\t<\/div>\n\t\t\t\t<\/div>\n\t\t\t\t<div class=\"elementor-element elementor-element-40de278 elementor-widget elementor-widget-heading\" data-id=\"40de278\" data-element_type=\"widget\" data-e-type=\"widget\" data-widget_type=\"heading.default\">\n\t\t\t\t<div class=\"elementor-widget-container\">\n\t\t\t\t\t<h2 class=\"elementor-heading-title elementor-size-default\">Wirtschaftlichkeit<\/h2>\t\t\t\t<\/div>\n\t\t\t\t<\/div>\n\t\t\t\t<div class=\"elementor-element elementor-element-154e59e elementor-widget elementor-widget-text-editor\" data-id=\"154e59e\" data-element_type=\"widget\" data-e-type=\"widget\" data-widget_type=\"text-editor.default\">\n\t\t\t\t<div class=\"elementor-widget-container\">\n\t\t\t\t\t\t\t\t\t13.9. Wirtschaftlich tragf\u00e4hige und wettbewerbsf\u00e4hige Tourismusdestinationen durch lokale Wertsch\u00f6pfung<br>\n\nUm die Rentabilit\u00e4t und Wettbewerbsf\u00e4higkeit von Tourismusdestinationen langfristig sicherzustellen, indem die Wertsch\u00f6pfung des Tourismus in der lokalen Gemeinschaft maximiert wird, einschlie\u00dflich dessen, was Touristen an Werten vor Ort hinterlassen. 13.10. Wirtschaftlich tragf\u00e4hige und wettbewerbsf\u00e4hige Tourismusunternehmen<br><br>\nDie Rentabilit\u00e4t und Wettbewerbsf\u00e4higkeit von Tourismusunternehmen langfristig sicherzustellen.<br>\n\nLassen Sie unser Haus in seinem sch\u00f6nen Zustand, damit auch zuk\u00fcnftige Generationen ihren Aufenthalt genie\u00dfen k\u00f6nnen\t\t\t\t\t\t\t\t<\/div>\n\t\t\t\t<\/div>\n\t\t\t\t<div class=\"elementor-element elementor-element-bed2841 elementor-widget elementor-widget-heading\" data-id=\"bed2841\" data-element_type=\"widget\" data-e-type=\"widget\" data-widget_type=\"heading.default\">\n\t\t\t\t<div class=\"elementor-widget-container\">\n\t\t\t\t\t<h2 class=\"elementor-heading-title elementor-size-default\">Ein Leitfaden f\u00fcr unsere G\u00e4ste<\/h2>\t\t\t\t<\/div>\n\t\t\t\t<\/div>\n\t\t\t\t<div class=\"elementor-element elementor-element-fd80a0e elementor-widget elementor-widget-text-editor\" data-id=\"fd80a0e\" data-element_type=\"widget\" data-e-type=\"widget\" data-widget_type=\"text-editor.default\">\n\t\t\t\t<div class=\"elementor-widget-container\">\n\t\t\t\t\t\t\t\t\tUnser gr\u00f6\u00dfter und wichtigster Schatz ist die Natur. Hier k\u00f6nnen Sie saubere Luft einatmen, das beste Quellwasser der Welt direkt aus dem Wasserhahn oder aus einem kristallklaren Fluss trinken. Um diesen Schatz und den Hauptgrund, warum Sie uns besuchen, m\u00fcssen wir uns k\u00fcmmern!\t\t\t\t\t\t\t\t<\/div>\n\t\t\t\t<\/div>\n\t\t\t\t<div class=\"elementor-element elementor-element-79598f3 elementor-widget elementor-widget-text-editor\" data-id=\"79598f3\" data-element_type=\"widget\" data-e-type=\"widget\" data-widget_type=\"text-editor.default\">\n\t\t\t\t<div class=\"elementor-widget-container\">\n\t\t\t\t\t\t\t\t\t<ul class=\"blue-link\"><li>Wir empfehlen dringend, eine gef\u00fchrte Tour zu buchen. Auf sanfte und professionelle Weise werden Sie durch die Natur gef\u00fchrt<\/li><li>Folgen Sie den Anweisungen Ihres Guides<\/li><li>\u00a0Lassen Sie nichts in der Natur liegen: Nehmen Sie Ihren M\u00fcll mit und benutzen Sie Toilettenanlagen<\/li><li>Hinterlassen Sie keine Spuren in der Natur: Verwenden Sie immer markierte Wege, nutzen Sie vorhandene Lagerfeuerstellen (denken Sie daran, dass das Anz\u00fcnden von Feuern in Naturgebieten vom 15. April bis 15. September nicht erlaubt ist)<\/li><li>Respektieren Sie die Tier- und Pflanzenwelt<\/li><li>Lokal verwenden: Was Sie vor Ort kaufen k\u00f6nnen, kaufen Sie es vor Ort. Verwenden Sie auf Reisen lokale F\u00fchrer<\/li><li>\u00a0Zeigen Sie Respekt gegen\u00fcber Einheimischen und anderen Wanderern. Es ist durchaus \u00fcblich, sich in der Natur zu begr\u00fc\u00dfen.<\/li><li>Denken Sie daran, dass Stille Teil der Erfahrung ist.<\/li><li>\u00a0\u00a0Wenn Sie Personen in der Umgebung fotografieren, fragen Sie sie bitte, ob das in Ordnung ist<\/li><li>Im Pasvikdalen und im oberen Pasvik-Nationalpark gelten Sonderregeln. Es ist zum Beispiel nicht erlaubt, mit heruntergefallenem Holz ein Feuer anzuz\u00fcnden. Mehr Info:\u00a0<a href=\"https:\/\/www.norgesnasjonalparker.no\/nasjonalparker\/ovre-pasvik\/\">https:\/\/www.norgesnasjonalparker.no\/nasjonalparker\/ovre-pasvik\/<\/a><\/li><\/ul>\t\t\t\t\t\t\t\t<\/div>\n\t\t\t\t<\/div>\n\t\t\t\t<div class=\"elementor-element elementor-element-4eccc34 elementor-widget elementor-widget-text-editor\" data-id=\"4eccc34\" data-element_type=\"widget\" data-e-type=\"widget\" data-widget_type=\"text-editor.default\">\n\t\t\t\t<div class=\"elementor-widget-container\">\n\t\t\t\t\t\t\t\t\tWir k\u00fcmmern uns und hoffen, dass Sie sich auch interessieren.<br>\n\nF\u00fchlen Sie sich frei, Ihre Erfahrungen zu teilen. Sie finden uns sowohl auf Facebook als auch auf Instagram.<br>\n\nViel Spa\u00df in Kirkenes!\t\t\t\t\t\t\t\t<\/div>\n\t\t\t\t<\/div>\n\t\t\t\t\t<\/div>\n\t\t<\/div>\n\t\t\t\t\t<\/div>\n\t\t<\/section>\n\t\t\t\t<\/div>","protected":false},"excerpt":{"rendered":"<p>Booking Kirkenes is Eco-Lighthouse certified! We are incredibly proud. Now we have a visible proof that we take responsibility, and a concrete tool for working continuously with environmental improvements and green change. Our overall environmental policy:PASVIKTURIST AS aims to ensure the most environmentally friendly delivery of all its services. This is done through: thinking about [&hellip;]<\/p>\n","protected":false},"author":4,"featured_media":0,"parent":0,"menu_order":0,"comment_status":"closed","ping_status":"closed","template":"","meta":{"site-sidebar-layout":"no-sidebar","site-content-layout":"page-builder","ast-site-content-layout":"default","site-content-style":"default","site-sidebar-style":"default","ast-global-header-display":"","ast-banner-title-visibility":"","ast-main-header-display":"","ast-hfb-above-header-display":"","ast-hfb-below-header-display":"","ast-hfb-mobile-header-display":"","site-post-title":"disabled","ast-breadcrumbs-content":"","ast-featured-img":"disabled","footer-sml-layout":"","ast-disable-related-posts":"","theme-transparent-header-meta":"","adv-header-id-meta":"","stick-header-meta":"","header-above-stick-meta":"","header-main-stick-meta":"","header-below-stick-meta":"","astra-migrate-meta-layouts":"default","ast-page-background-enabled":"default","ast-page-background-meta":{"desktop":{"background-color":"var(--ast-global-color-4)","background-image":"","background-repeat":"repeat","background-position":"center center","background-size":"auto","background-attachment":"scroll","background-type":"","background-media":"","overlay-type":"","overlay-color":"","overlay-opacity":"","overlay-gradient":""},"tablet":{"background-color":"","background-image":"","background-repeat":"repeat","background-position":"center center","background-size":"auto","background-attachment":"scroll","background-type":"","background-media":"","overlay-type":"","overlay-color":"","overlay-opacity":"","overlay-gradient":""},"mobile":{"background-color":"","background-image":"","background-repeat":"repeat","background-position":"center center","background-size":"auto","background-attachment":"scroll","background-type":"","background-media":"","overlay-type":"","overlay-color":"","overlay-opacity":"","overlay-gradient":""}},"ast-content-background-meta":{"desktop":{"background-color":"var(--ast-global-color-5)","background-image":"","background-repeat":"repeat","background-position":"center center","background-size":"auto","background-attachment":"scroll","background-type":"","background-media":"","overlay-type":"","overlay-color":"","overlay-opacity":"","overlay-gradient":""},"tablet":{"background-color":"var(--ast-global-color-5)","background-image":"","background-repeat":"repeat","background-position":"center center","background-size":"auto","background-attachment":"scroll","background-type":"","background-media":"","overlay-type":"","overlay-color":"","overlay-opacity":"","overlay-gradient":""},"mobile":{"background-color":"var(--ast-global-color-5)","background-image":"","background-repeat":"repeat","background-position":"center center","background-size":"auto","background-attachment":"scroll","background-type":"","background-media":"","overlay-type":"","overlay-color":"","overlay-opacity":"","overlay-gradient":""}},"footnotes":""},"class_list":["post-3982","page","type-page","status-publish","hentry"],"aioseo_notices":[],"_links":{"self":[{"href":"https:\/\/www.bookingkirkenes.no\/de\/wp-json\/wp\/v2\/pages\/3982","targetHints":{"allow":["GET"]}}],"collection":[{"href":"https:\/\/www.bookingkirkenes.no\/de\/wp-json\/wp\/v2\/pages"}],"about":[{"href":"https:\/\/www.bookingkirkenes.no\/de\/wp-json\/wp\/v2\/types\/page"}],"author":[{"embeddable":true,"href":"https:\/\/www.bookingkirkenes.no\/de\/wp-json\/wp\/v2\/users\/4"}],"replies":[{"embeddable":true,"href":"https:\/\/www.bookingkirkenes.no\/de\/wp-json\/wp\/v2\/comments?post=3982"}],"version-history":[{"count":37,"href":"https:\/\/www.bookingkirkenes.no\/de\/wp-json\/wp\/v2\/pages\/3982\/revisions"}],"predecessor-version":[{"id":7146,"href":"https:\/\/www.bookingkirkenes.no\/de\/wp-json\/wp\/v2\/pages\/3982\/revisions\/7146"}],"wp:attachment":[{"href":"https:\/\/www.bookingkirkenes.no\/de\/wp-json\/wp\/v2\/media?parent=3982"}],"curies":[{"name":"wp","href":"https:\/\/api.w.org\/{rel}","templated":true}]}}