{"id":23,"date":"2021-10-21T14:18:57","date_gmt":"2021-10-21T12:18:57","guid":{"rendered":"https:\/\/www.bookingkirkenes.no\/?page_id=23"},"modified":"2022-08-26T13:58:31","modified_gmt":"2022-08-26T11:58:31","slug":"about-us","status":"publish","type":"page","link":"https:\/\/www.bookingkirkenes.no\/de\/about-us\/","title":{"rendered":"\u00dcber uns"},"content":{"rendered":"<div data-elementor-type=\"wp-page\" data-elementor-id=\"23\" class=\"elementor elementor-23\" data-elementor-post-type=\"page\">\n\t\t\t\t\t\t<section data-particle_enable=\"false\" data-particle-mobile-disabled=\"false\" class=\"elementor-section elementor-top-section elementor-element elementor-element-3732d50 elementor-section-boxed elementor-section-height-default elementor-section-height-default\" data-id=\"3732d50\" data-element_type=\"section\" data-e-type=\"section\">\n\t\t\t\t\t\t<div class=\"elementor-container elementor-column-gap-default\">\n\t\t\t\t\t<div class=\"elementor-column elementor-col-100 elementor-top-column elementor-element elementor-element-5827cc8d\" data-id=\"5827cc8d\" data-element_type=\"column\" data-e-type=\"column\">\n\t\t\t<div class=\"elementor-widget-wrap elementor-element-populated\">\n\t\t\t\t\t\t<div class=\"elementor-element elementor-element-20726a9e elementor-widget elementor-widget-text-editor\" data-id=\"20726a9e\" data-element_type=\"widget\" data-e-type=\"widget\" data-widget_type=\"text-editor.default\">\n\t\t\t\t<div class=\"elementor-widget-container\">\n\t\t\t\t\t\t\t\t\t\n<p>Unser Unternehmen Pasvikturist AS \u2013 Booking Kirkenes wurde 1990 gegr\u00fcndet. Wir bieten das ganze Jahr \u00fcber lokale Ausfl\u00fcge an und betreiben ein Buchungsb\u00fcro und einen Geschenkeladen im Zentrum von Kirkenes. Wir bieten auch den Service eines Fremdenverkehrsb\u00fcros an, einschlie\u00dflich kostenloser Karten und allgemeiner Informationen \u00fcber die Gegend. Unsere Mitarbeiter vor Ort k\u00f6nnen Ihnen w\u00e4hrend Ihres Aufenthalts in Kirkenes behilflich sein.<\/p>\n\n<h2 class=\"wp-block-heading\" id=\"personal-honest-professional\"><strong>Pers\u00f6nlich \u2013 Ehrlich \u2013 Professionell<\/strong><\/h2>\n\n<p>Unser B\u00fcro befindet sich in Kirkenes, Norwegen, in der Haupteinkaufsstra\u00dfe. Wir beraten Sie f\u00fcr Ihren Aufenthalt in Kirkenes und Sie k\u00f6nnen alle verf\u00fcgbaren Aktivit\u00e4ten bei uns buchen.<\/p>\n\n<p>Wir sind Experten f\u00fcr lokale Ausfl\u00fcge. Unsere 4 Mitarbeiter sprechen Norwegisch, Englisch und Deutsch. Au\u00dferdem arbeiten 15 erfahrene Guides mit Ortskenntnissen f\u00fcr uns. Eine Tour mit Booking Kirkenes bietet Ihnen die pers\u00f6nlichste Erfahrung, die Sie in unserer Gegend machen k\u00f6nnen.<\/p>\n\n<p>\u00a0<\/p>\n\n<h2 class=\"wp-block-heading\" id=\"our-philosophy\"><strong>Unsere Philosophie<\/strong>\u00a0<\/h2>\n\n<p>Wir wissen, wie man entkommt \u2013 Der Schl\u00fcssel zu einer erfolgreichen Reise ist bei weitem die Anstrengung dahinter. Um unseren G\u00e4sten unvergessliche Abenteuer zu bereiten, bleiben keine Details unber\u00fchrt. Deshalb haben wir uns entschieden, klein, effizient und fokussiert zu bleiben. Erkunden ist das, was Sie daraus machen, aber Sie brauchen eine professionelle Hand, um es zu verwirklichen.<\/p>\n\n<p class=\"has-ast-global-color-1-color has-text-color\">Wir arbeiten kontinuierlich an Verbesserungen in den Bereichen Umwelt und Sicherheit. F\u00fcr uns sind das nicht nur leere Worte. Deshalb sind wir <a href=\"https:\/\/eco-lighthouse.org\/\" target=\"_blank\" rel=\"noreferrer noopener\"><strong>\u00d6ko-Leuchtturm <\/strong><\/a><strong><a title=\"\u00d6ko-Leuchtturm\" href=\"https:\/\/eco-lighthouse.org\/\" target=\"_blank\" rel=\"noreferrer noopener\">zertifiziert.<\/a><\/strong><\/p>\n\n<p>Wir haben jetzt einen Beweis, dass wir unseren Teil der Verantwortung \u00fcbernehmen und konkrete Nachhaltigkeitsma\u00dfnahmen ergreifen. Wir arbeiten eng mit lokalen Lieferanten und kleinen Familienbetrieben zusammen.<br \/>Unsere Mitarbeiter sind fest angestellt und leben seit vielen Jahren hier. Pasvikturist ist im Besitz von 100% local.<\/p>\n\n<h2 class=\"wp-block-heading\"><strong>Wo finden Sie uns?<\/strong><\/h2>\n\n<p>Unser Gesch\u00e4ft und Buchungsb\u00fcro befindet sich in der Haupteinkaufsstra\u00dfe Dr. Wesselsgate 15B in Kirkenes. In unserem Geschenkeladen verkaufen wir eine Auswahl lokaler Produkte wie Schmuck, Glaskunst und mehr. Sie k\u00f6nnen Ausfl\u00fcge in die Umgebung buchen und unsere Mitarbeiter kennen die Gegend jetzt sehr gut und k\u00f6nnen Ihnen bei Ihrem Aufenthalt behilflich sein.<\/p>\n\n<p>\u00a0<\/p>\n\n<h2 class=\"wp-block-heading\" id=\"our-staff\"><strong>Unsere Angestellten<\/strong>\u00a0<\/h2>\n\n<p><strong>Monika Raab<\/strong> ist Eigent\u00fcmer und Seele des Unternehmens und hat in den letzten 15 Jahren f\u00fcr Booking Kirkenes gearbeitet. Sie zog 2001 nach Kirkenes und hat die letzten 25 Jahre in der Tourismusbranche gearbeitet. Sie ist Geographin mit einem Master-Abschluss und engagiert sich leidenschaftlich f\u00fcr die lokale Ortsentwicklung. Monika ist verantwortlich f\u00fcr Angebote, Verkauf und Betreuung von Gruppen oder Einzelkunden. Sie ist auch \u201eout in the field\u201c und ist dann Guide f\u00fcr unsere deutschen G\u00e4ste, aber auch f\u00fcr norwegische und englische G\u00e4ste. Monika ist urspr\u00fcnglich Deutsche, hat aber ihre Wurzeln jetzt in Kirkenes. Wenn Sie gute Ideen f\u00fcr Ihren Aufenthalt im Norden brauchen, wenden Sie sich an Monika.<br \/><a href=\"mailto:monika@bookingkirkenes.no\">monika@bookingkirkenes.no<\/a><br \/>mobil: +47 415 44 346<\/p>\n\n<p><strong>Odd-Johnny Andersen<\/strong> ist ein ausgezeichneter lokaler F\u00fchrer. Er wurde in Kirkenes geboren und hat hier fast sein ganzes Leben verbracht. Er kann viel mehr erz\u00e4hlen, als Sie in Ihren Reisef\u00fchrern finden. Au\u00dferdem ist er ein Fahrer und ein Allrounder, der die meisten Dinge reparieren kann. Sie werden ihn h\u00f6chstwahrscheinlich treffen, wenn Sie eine Reise bei uns buchen.<\/p>\n\n<p><strong>Lise-Lotte Olsen<\/strong> ist der Finanzmanager im Unternehmen. Sie betreibt auch unseren Geschenkeladen und Sie werden sie h\u00f6chstwahrscheinlich hinter der Theke treffen, wenn Sie unseren Laden besuchen. Sie erledigt auch andere B\u00fcroarbeiten und ist verantwortlich f\u00fcr unser \u00d6ko-Leuchtturm-Zertifikat und unsere Sicherheit. <br \/>liselotte@bookingkirkenes.no<\/p>\n\n<p><strong>Guides und Fahrer:<\/strong> Zus\u00e4tzlich zu unseren Mitarbeitern stellen wir bei Bedarf lokale Guides und Fahrer ein. In jedem Fall haben alle unsere Mitarbeiter eine lange Karriere im Tourismus und alle einen starken lokalen Bezug.<\/p>\n\n<h2 class=\"wp-block-heading\">\u00a0<\/h2>\n\t\t\t\t\t\t\t\t<\/div>\n\t\t\t\t<\/div>\n\t\t\t\t\t<\/div>\n\t\t<\/div>\n\t\t\t\t\t<\/div>\n\t\t<\/section>\n\t\t\t\t<\/div>","protected":false},"excerpt":{"rendered":"<p>Our company Pasvikturist AS &#8211; Booking Kirkenes was founded in 1990. We offer local excursions all year round and run a booking office and gift shop in the center of Kirkenes. We provide also Tourist office service including free maps and general information about the area. Our local staff can help you during your stay [&hellip;]<\/p>\n","protected":false},"author":1,"featured_media":2562,"parent":0,"menu_order":0,"comment_status":"closed","ping_status":"closed","template":"","meta":{"site-sidebar-layout":"default","site-content-layout":"default","ast-site-content-layout":"default","site-content-style":"default","site-sidebar-style":"default","ast-global-header-display":"","ast-banner-title-visibility":"","ast-main-header-display":"","ast-hfb-above-header-display":"","ast-hfb-below-header-display":"","ast-hfb-mobile-header-display":"","site-post-title":"","ast-breadcrumbs-content":"","ast-featured-img":"","footer-sml-layout":"","ast-disable-related-posts":"","theme-transparent-header-meta":"default","adv-header-id-meta":"","stick-header-meta":"","header-above-stick-meta":"","header-main-stick-meta":"","header-below-stick-meta":"","astra-migrate-meta-layouts":"default","ast-page-background-enabled":"default","ast-page-background-meta":{"desktop":{"background-color":"var(--ast-global-color-4)","background-image":"","background-repeat":"repeat","background-position":"center center","background-size":"auto","background-attachment":"scroll","background-type":"","background-media":"","overlay-type":"","overlay-color":"","overlay-opacity":"","overlay-gradient":""},"tablet":{"background-color":"","background-image":"","background-repeat":"repeat","background-position":"center center","background-size":"auto","background-attachment":"scroll","background-type":"","background-media":"","overlay-type":"","overlay-color":"","overlay-opacity":"","overlay-gradient":""},"mobile":{"background-color":"","background-image":"","background-repeat":"repeat","background-position":"center center","background-size":"auto","background-attachment":"scroll","background-type":"","background-media":"","overlay-type":"","overlay-color":"","overlay-opacity":"","overlay-gradient":""}},"ast-content-background-meta":{"desktop":{"background-color":"var(--ast-global-color-5)","background-image":"","background-repeat":"repeat","background-position":"center center","background-size":"auto","background-attachment":"scroll","background-type":"","background-media":"","overlay-type":"","overlay-color":"","overlay-opacity":"","overlay-gradient":""},"tablet":{"background-color":"var(--ast-global-color-5)","background-image":"","background-repeat":"repeat","background-position":"center center","background-size":"auto","background-attachment":"scroll","background-type":"","background-media":"","overlay-type":"","overlay-color":"","overlay-opacity":"","overlay-gradient":""},"mobile":{"background-color":"var(--ast-global-color-5)","background-image":"","background-repeat":"repeat","background-position":"center center","background-size":"auto","background-attachment":"scroll","background-type":"","background-media":"","overlay-type":"","overlay-color":"","overlay-opacity":"","overlay-gradient":""}},"footnotes":""},"class_list":["post-23","page","type-page","status-publish","has-post-thumbnail","hentry"],"aioseo_notices":[],"_links":{"self":[{"href":"https:\/\/www.bookingkirkenes.no\/de\/wp-json\/wp\/v2\/pages\/23","targetHints":{"allow":["GET"]}}],"collection":[{"href":"https:\/\/www.bookingkirkenes.no\/de\/wp-json\/wp\/v2\/pages"}],"about":[{"href":"https:\/\/www.bookingkirkenes.no\/de\/wp-json\/wp\/v2\/types\/page"}],"author":[{"embeddable":true,"href":"https:\/\/www.bookingkirkenes.no\/de\/wp-json\/wp\/v2\/users\/1"}],"replies":[{"embeddable":true,"href":"https:\/\/www.bookingkirkenes.no\/de\/wp-json\/wp\/v2\/comments?post=23"}],"version-history":[{"count":18,"href":"https:\/\/www.bookingkirkenes.no\/de\/wp-json\/wp\/v2\/pages\/23\/revisions"}],"predecessor-version":[{"id":2587,"href":"https:\/\/www.bookingkirkenes.no\/de\/wp-json\/wp\/v2\/pages\/23\/revisions\/2587"}],"wp:featuredmedia":[{"embeddable":true,"href":"https:\/\/www.bookingkirkenes.no\/de\/wp-json\/wp\/v2\/media\/2562"}],"wp:attachment":[{"href":"https:\/\/www.bookingkirkenes.no\/de\/wp-json\/wp\/v2\/media?parent=23"}],"curies":[{"name":"wp","href":"https:\/\/api.w.org\/{rel}","templated":true}]}}