{"id":21,"date":"2021-10-21T14:18:29","date_gmt":"2021-10-21T12:18:29","guid":{"rendered":"https:\/\/www.bookingkirkenes.no\/?page_id=21"},"modified":"2022-10-28T06:55:49","modified_gmt":"2022-10-28T04:55:49","slug":"guideservice-3","status":"publish","type":"page","link":"https:\/\/www.bookingkirkenes.no\/de\/guideservice-3\/","title":{"rendered":"Guideservice"},"content":{"rendered":"<h2 class=\"wp-block-heading\">Lokales Guiden<\/h2>\n\n\n\n<p>Sie brauchen einen lokalen Guide f\u00fcr Ihre Gruppe? Oder eine private Tour mit einem unserer Guides? Wir setzen nur lokale Guides ein, die schon lange hier leben. Sie w\u00fcrzen die Tour immer mit eigenen Erlebnissen und bieten tolles Wissen \u00fcber unsere Gegend. Sie erhalten Informationen \u00fcber Geschichte, Klima, Lebensweise im Norden und vieles mehr.<\/p>\n\n\n\n<p>Eine Tour mit einem lokalen F\u00fchrer macht den Unterschied.<\/p>\n\n\n\n<p>F\u00fcr Preisliste und Buchungs-E-Mail an: info@bookingkirkenes.no<\/p>\n\n\n\n<h2 class=\"wp-block-heading\">Private Touren mit Minibus und Fahrer\/Guide<\/h2>\n\n\n\n<p><\/p>\n\n\n\n<p>Ganzj\u00e4hrig buchbar von 08.00 \u2013 23.00 Uhr<br>Dauer: 2 \u2013 9 Stunden<br>f\u00fcr 1-12 Personen (f\u00fcr gr\u00f6\u00dfere Gruppen senden Sie uns bitte eine E-Mail)<\/p>\n\n\n\n<p>Buchen Sie einen Minibus und einen lokalen F\u00fchrer\/Fahrer f\u00fcr eine private Tour. Sie entscheiden, wie viele Stunden und wir k\u00f6nnen Empfehlungen geben, wohin Sie gehen sollen, und die Tour nur f\u00fcr Sie ma\u00dfschneidern. Es werden keine anderen G\u00e4ste hinzukommen, das hei\u00dft, wir mischen keine Gruppen und buchen keine anderen G\u00e4ste auf die gleiche Abfahrt. Dies ist eine sichere Art, unsere sch\u00f6ne Gegend zu erleben. Sie erhalten ein pers\u00f6nliches Erlebnis mit einem unserer lokalen Guides \/ Fahrer.<br>Tour in unseren neuen und komfortablen Minibussen. Wir k\u00f6nnen unseren Anh\u00e4nger f\u00fcr Ihr Gep\u00e4ck nutzen.<\/p>\n\n\n\n<p>Wir bieten Ausfl\u00fcge zu verschiedenen Orten in der Gemeinde und in der Finnmark an.<br>Unsere Guides sprechen Norwegisch, Englisch oder Deutsch und sind alle lokale Experten.<\/p>\n\n\n\n<p><br>Tourenvorschl\u00e4ge: Kirkenes Sightseeing, Russische Grenze, Visit Snowhotel, Nordlichttouren, Besuch im Pasviktal und im Besucherzentrum des Nationalparks. Wir haben viele Ideen f\u00fcr Ihren Besuch!<\/p>\n\n\n\n<p><strong>PREISE bis 30.11.2022*:<\/strong><br>Startpreis 2 Stunden: 3800 NOK f\u00fcr 1-6 Personen, 4800 NOK f\u00fcr 7-12 Personen<br>nach 2 Stunden: 1000 NOK pro angefangene Stunde (1-12 Personen)<\/p>\n\n\n\n<p>*der Preis beinhaltet einen lokalen Guide \/ Fahrer (Sprache: Norwegisch, Englisch oder Deutsch) und den Transport in einem Mercedes Sprinter Minibus<br>Die Abholung von Kirkenes, Kirkenes Airport, Hurtigruten Pier und Snowhotel ist inbegriffen. Die Preise gelten mit Start- und Zielort in Kirkenes\/Kirkenes Flughafen zwischen 8.00 und 23.00 Uhr<\/p>\n\n\n\n<p>Mehr Info: <a href=\"https:\/\/www.bookingkirkenes.no\/de\/produkt\/private-tours-with-local-guide\/\">https:\/\/www.bookingkirkenes.no\/produkt\/private-tours-with-local-guide\/<\/a><\/p>\n\n\n\n<p>F\u00fcr Tourenvorschl\u00e4ge und Preise: E-Mail an info@bookingkirkenes.no<\/p>","protected":false},"excerpt":{"rendered":"<p>Local guiding You need a local guide for your group? Or a private tour with one of our guides? We only use local guides who have lived here for a long time. They always spice the tour with own experiences and they offer great knowledge about our area. You get information about history, climate, lifestyle [&hellip;]<\/p>\n","protected":false},"author":1,"featured_media":1118,"parent":0,"menu_order":0,"comment_status":"closed","ping_status":"closed","template":"","meta":{"site-sidebar-layout":"default","site-content-layout":"default","ast-site-content-layout":"default","site-content-style":"default","site-sidebar-style":"default","ast-global-header-display":"","ast-banner-title-visibility":"","ast-main-header-display":"","ast-hfb-above-header-display":"","ast-hfb-below-header-display":"","ast-hfb-mobile-header-display":"","site-post-title":"","ast-breadcrumbs-content":"","ast-featured-img":"","footer-sml-layout":"","ast-disable-related-posts":"","theme-transparent-header-meta":"default","adv-header-id-meta":"","stick-header-meta":"","header-above-stick-meta":"","header-main-stick-meta":"","header-below-stick-meta":"","astra-migrate-meta-layouts":"default","ast-page-background-enabled":"default","ast-page-background-meta":{"desktop":{"background-color":"var(--ast-global-color-4)","background-image":"","background-repeat":"repeat","background-position":"center center","background-size":"auto","background-attachment":"scroll","background-type":"","background-media":"","overlay-type":"","overlay-color":"","overlay-opacity":"","overlay-gradient":""},"tablet":{"background-color":"","background-image":"","background-repeat":"repeat","background-position":"center center","background-size":"auto","background-attachment":"scroll","background-type":"","background-media":"","overlay-type":"","overlay-color":"","overlay-opacity":"","overlay-gradient":""},"mobile":{"background-color":"","background-image":"","background-repeat":"repeat","background-position":"center center","background-size":"auto","background-attachment":"scroll","background-type":"","background-media":"","overlay-type":"","overlay-color":"","overlay-opacity":"","overlay-gradient":""}},"ast-content-background-meta":{"desktop":{"background-color":"var(--ast-global-color-5)","background-image":"","background-repeat":"repeat","background-position":"center center","background-size":"auto","background-attachment":"scroll","background-type":"","background-media":"","overlay-type":"","overlay-color":"","overlay-opacity":"","overlay-gradient":""},"tablet":{"background-color":"var(--ast-global-color-5)","background-image":"","background-repeat":"repeat","background-position":"center center","background-size":"auto","background-attachment":"scroll","background-type":"","background-media":"","overlay-type":"","overlay-color":"","overlay-opacity":"","overlay-gradient":""},"mobile":{"background-color":"var(--ast-global-color-5)","background-image":"","background-repeat":"repeat","background-position":"center center","background-size":"auto","background-attachment":"scroll","background-type":"","background-media":"","overlay-type":"","overlay-color":"","overlay-opacity":"","overlay-gradient":""}},"footnotes":""},"class_list":["post-21","page","type-page","status-publish","has-post-thumbnail","hentry"],"aioseo_notices":[],"_links":{"self":[{"href":"https:\/\/www.bookingkirkenes.no\/de\/wp-json\/wp\/v2\/pages\/21","targetHints":{"allow":["GET"]}}],"collection":[{"href":"https:\/\/www.bookingkirkenes.no\/de\/wp-json\/wp\/v2\/pages"}],"about":[{"href":"https:\/\/www.bookingkirkenes.no\/de\/wp-json\/wp\/v2\/types\/page"}],"author":[{"embeddable":true,"href":"https:\/\/www.bookingkirkenes.no\/de\/wp-json\/wp\/v2\/users\/1"}],"replies":[{"embeddable":true,"href":"https:\/\/www.bookingkirkenes.no\/de\/wp-json\/wp\/v2\/comments?post=21"}],"version-history":[{"count":8,"href":"https:\/\/www.bookingkirkenes.no\/de\/wp-json\/wp\/v2\/pages\/21\/revisions"}],"predecessor-version":[{"id":2268,"href":"https:\/\/www.bookingkirkenes.no\/de\/wp-json\/wp\/v2\/pages\/21\/revisions\/2268"}],"wp:featuredmedia":[{"embeddable":true,"href":"https:\/\/www.bookingkirkenes.no\/de\/wp-json\/wp\/v2\/media\/1118"}],"wp:attachment":[{"href":"https:\/\/www.bookingkirkenes.no\/de\/wp-json\/wp\/v2\/media?parent=21"}],"curies":[{"name":"wp","href":"https:\/\/api.w.org\/{rel}","templated":true}]}}