{"id":2,"date":"2021-10-21T09:01:57","date_gmt":"2021-10-21T07:01:57","guid":{"rendered":"https:\/\/www.bookingkirkenes.no\/?page_id=2"},"modified":"2021-10-21T09:01:57","modified_gmt":"2021-10-21T07:01:57","slug":"testside","status":"publish","type":"page","link":"https:\/\/www.bookingkirkenes.no\/de\/testside\/","title":{"rendered":"Testseite"},"content":{"rendered":"<p>Dette er en eksempelside. Den er forskjellig fra ert innlegg fordi det vil forbli p\u00e5 samme plass og vil vises i navigasjonsmenyen (i de fleste tema). De fleste starter med en Om-side som introduserer dem for mulige bes\u00f8kende. Den kan si noe omtrent som f\u00f8lger:<\/p>\n\n\n\n<blockquote class=\"wp-block-quote is-layout-flow wp-block-quote-is-layout-flow\"><p>Hey der! Jeg er et sykkelbud om dagen, fremadstormende skuespiller om natten, og dette er min blogg. Jeg bor in Oslo, har en stor hund som heter Kim Roger, og jeg liker Pi\u00f1a colada. (Og \u00e5 skrive rare kommentarer til nettnyheter.)<\/p><\/blockquote>\n\n\n\n<p>\u2026eller noe slikt som dette:<\/p>\n\n\n\n<blockquote class=\"wp-block-quote is-layout-flow wp-block-quote-is-layout-flow\"><p>Selskapet XYZ ble stiftet i 1971, og har v\u00e6rt levert kvalitetsduppeditter siden da. Ligger i Kristiansund, og sysselsetter \u00fcber 2000 Mennesker som gj\u00f8r alle slags bra ting for samfunnet.<\/p><\/blockquote>\n\n\n\n<p>Som ny WordPress-bruker b\u00f8r du g\u00e5 til <a href=\"https:\/\/www.bookingkirkenes.no\/wp-admin\/\">ditt kontrollpanel<\/a> for \u00e5 slette denne siden og lage en ny side med ditt innhold. Ha det goy!<\/p>","protected":false},"excerpt":{"rendered":"<p>Dette er en eksempelside. Den er forskjellig fra ert innlegg fordi det vil forbli p\u00e5 samme plass og vil vises i navigasjonsmenyen (i de fleste tema). De fleste starter med en Om-side som introduserer dem for mulige bes\u00f8kende. Den kan si noe omtrent som f\u00f8lger: Hei der! Jeg er et sykkelbud om dagen, fremadstormende skuespiller [&hellip;]<\/p>\n","protected":false},"author":1,"featured_media":0,"parent":0,"menu_order":0,"comment_status":"closed","ping_status":"closed","template":"","meta":{"site-sidebar-layout":"default","site-content-layout":"","ast-site-content-layout":"default","site-content-style":"default","site-sidebar-style":"default","ast-global-header-display":"","ast-banner-title-visibility":"","ast-main-header-display":"","ast-hfb-above-header-display":"","ast-hfb-below-header-display":"","ast-hfb-mobile-header-display":"","site-post-title":"","ast-breadcrumbs-content":"","ast-featured-img":"","footer-sml-layout":"","ast-disable-related-posts":"","theme-transparent-header-meta":"","adv-header-id-meta":"","stick-header-meta":"","header-above-stick-meta":"","header-main-stick-meta":"","header-below-stick-meta":"","astra-migrate-meta-layouts":"default","ast-page-background-enabled":"default","ast-page-background-meta":{"desktop":{"background-color":"var(--ast-global-color-4)","background-image":"","background-repeat":"repeat","background-position":"center center","background-size":"auto","background-attachment":"scroll","background-type":"","background-media":"","overlay-type":"","overlay-color":"","overlay-opacity":"","overlay-gradient":""},"tablet":{"background-color":"","background-image":"","background-repeat":"repeat","background-position":"center center","background-size":"auto","background-attachment":"scroll","background-type":"","background-media":"","overlay-type":"","overlay-color":"","overlay-opacity":"","overlay-gradient":""},"mobile":{"background-color":"","background-image":"","background-repeat":"repeat","background-position":"center center","background-size":"auto","background-attachment":"scroll","background-type":"","background-media":"","overlay-type":"","overlay-color":"","overlay-opacity":"","overlay-gradient":""}},"ast-content-background-meta":{"desktop":{"background-color":"var(--ast-global-color-5)","background-image":"","background-repeat":"repeat","background-position":"center center","background-size":"auto","background-attachment":"scroll","background-type":"","background-media":"","overlay-type":"","overlay-color":"","overlay-opacity":"","overlay-gradient":""},"tablet":{"background-color":"var(--ast-global-color-5)","background-image":"","background-repeat":"repeat","background-position":"center center","background-size":"auto","background-attachment":"scroll","background-type":"","background-media":"","overlay-type":"","overlay-color":"","overlay-opacity":"","overlay-gradient":""},"mobile":{"background-color":"var(--ast-global-color-5)","background-image":"","background-repeat":"repeat","background-position":"center center","background-size":"auto","background-attachment":"scroll","background-type":"","background-media":"","overlay-type":"","overlay-color":"","overlay-opacity":"","overlay-gradient":""}},"footnotes":""},"class_list":["post-2","page","type-page","status-publish","hentry"],"aioseo_notices":[],"_links":{"self":[{"href":"https:\/\/www.bookingkirkenes.no\/de\/wp-json\/wp\/v2\/pages\/2","targetHints":{"allow":["GET"]}}],"collection":[{"href":"https:\/\/www.bookingkirkenes.no\/de\/wp-json\/wp\/v2\/pages"}],"about":[{"href":"https:\/\/www.bookingkirkenes.no\/de\/wp-json\/wp\/v2\/types\/page"}],"author":[{"embeddable":true,"href":"https:\/\/www.bookingkirkenes.no\/de\/wp-json\/wp\/v2\/users\/1"}],"replies":[{"embeddable":true,"href":"https:\/\/www.bookingkirkenes.no\/de\/wp-json\/wp\/v2\/comments?post=2"}],"version-history":[{"count":0,"href":"https:\/\/www.bookingkirkenes.no\/de\/wp-json\/wp\/v2\/pages\/2\/revisions"}],"wp:attachment":[{"href":"https:\/\/www.bookingkirkenes.no\/de\/wp-json\/wp\/v2\/media?parent=2"}],"curies":[{"name":"wp","href":"https:\/\/api.w.org\/{rel}","templated":true}]}}