{"id":19,"date":"2021-10-21T14:18:10","date_gmt":"2021-10-21T12:18:10","guid":{"rendered":"https:\/\/www.bookingkirkenes.no\/?page_id=19"},"modified":"2022-10-28T06:50:33","modified_gmt":"2022-10-28T04:50:33","slug":"transportation-3","status":"publish","type":"page","link":"https:\/\/www.bookingkirkenes.no\/de\/transportation-3\/","title":{"rendered":"Transport in Kirkenes und Umgebung"},"content":{"rendered":"<p>Privater Taxitransfer (2-3 Personen)<br>Minivan Mercedes mit hohem Komfort (max. 8 Personen)<br>Minibus Mercedes mit hohem Komfort (max. 16 Personen)<br>Reisebusse bis 50 Sitzpl\u00e4tze<\/p>\n\n\n\n<ul class=\"wp-block-list\" id=\"block-733195ca-d7df-4d0c-8785-cd90aed2fe1e\"><li>Lokale Transfers in Kirkenes, Flughafentransfer, Transfer vom\/zum Hurtigruten Pier<\/li><li>Rundreisen in Kirkenes und Umgebung (mit oder ohne Guide)<\/li><li>Transport nach\/von Finnland<\/li><\/ul>\n\n\n\n<h2 class=\"wp-block-heading\">Private Touren mit Minivan und Fahrer\/Guide<\/h2>\n\n\n\n<p>Private Rundtouren in Kirkenes mit lokalem Guide\/Fahrer (Sprachen: Englisch, Norwegisch, Deutsch) in unserem neuen Minivan (max. 8 Personen) oder in unserem Minibus (max. 16 Personen). Keine anderen G\u00e4ste.<br><br>Tourenvorschl\u00e4ge: Kirkenes Sightseeing, Russische Grenze, Visit Snowhotel, Nordlichttouren, Besuch im Pasviktal und im Besucherzentrum des Nationalparks. Wir haben viele Ideen f\u00fcr Ihren Besuch!<\/p>\n\n\n\n<p><strong>PREISE bis 31.05.2023*:<\/strong><br>Startpreis 2 Stunden: 3900 NOK f\u00fcr 1-10 Personen<br>nach 2 Stunden: 1100 NOK pro angefangene Stunde (1-10 Personen)<\/p>\n\n\n\n<p>*Der Preis beinhaltet einen lokalen Guide \/ Fahrer (Sprache: Norwegisch, Englisch oder Deutsch) und den Transport in einem Mercedes Minivan oder Minibus.<br>Die Abholung von Kirkenes, Kirkenes Airport, Hurtigruten Pier und Snowhotel ist inbegriffen. Die Preise gelten mit Start- und Zielort in Kirkenes\/Kirkenes Flughafen zwischen 8.00 und 23.00 Uhr<br><\/p>\n\n\n\n<p>weitere Infos und Buchung: <a href=\"https:\/\/www.bookingkirkenes.no\/de\/produkt\/private-tours-with-local-guide\/\">https:\/\/www.bookingkirkenes.no\/produkt\/private-tours-with-local-guide\/<\/a><\/p>\n\n\n\n<h2 class=\"wp-block-heading\">Taxi<\/h2>\n\n\n\n<p>Taxi in Kirkenes: Flughafentransfer, Transfer zum Pier, Sightseeing-Touren mit dem Taxi<\/p>\n\n\n\n<h2 class=\"wp-block-heading\">Private Transfers von\/nach Finnland<\/h2>\n\n\n\n<p>Wir bieten private und planm\u00e4\u00dfige Transfers (keine anderen G\u00e4ste und individuelle Abfahrtszeiten) zwischen Kirkenes und Inari \u2013 Ivalo \u2013 Flughafen Ivalo \u2013 Saariselk\u00e4 und Kakslautannen an<br>F\u00fcr Preis und Buchung kontaktieren Sie uns bitte per E-Mail<br><br>Alle Transfers m\u00fcssen im Voraus gebucht werden.<\/p>\n\n\n\n<hr class=\"wp-block-separator has-css-opacity\"\/>\n\n\n\n<hr class=\"wp-block-separator has-css-opacity\"\/>","protected":false},"excerpt":{"rendered":"<p>Private taxi transfers (2-3 persons)Minivan Mercedes with high comofort (max 8 persons)Minibus Mercedes with high comfort (max 16 persons)Coaches up to 50 seats local transportation in Kirkenes, airport transfer, transfer from\/to Hurtigruten pier Round tours in Kirkenes and surroundings (with or without guiding) transportation to\/from Finland Private tours with mini van and driver\/guide Private round [&hellip;]<\/p>\n","protected":false},"author":1,"featured_media":1791,"parent":0,"menu_order":0,"comment_status":"closed","ping_status":"closed","template":"","meta":{"site-sidebar-layout":"default","site-content-layout":"default","ast-site-content-layout":"default","site-content-style":"default","site-sidebar-style":"default","ast-global-header-display":"","ast-banner-title-visibility":"","ast-main-header-display":"","ast-hfb-above-header-display":"","ast-hfb-below-header-display":"","ast-hfb-mobile-header-display":"","site-post-title":"","ast-breadcrumbs-content":"","ast-featured-img":"","footer-sml-layout":"","ast-disable-related-posts":"","theme-transparent-header-meta":"default","adv-header-id-meta":"","stick-header-meta":"","header-above-stick-meta":"","header-main-stick-meta":"","header-below-stick-meta":"","astra-migrate-meta-layouts":"default","ast-page-background-enabled":"default","ast-page-background-meta":{"desktop":{"background-color":"var(--ast-global-color-4)","background-image":"","background-repeat":"repeat","background-position":"center center","background-size":"auto","background-attachment":"scroll","background-type":"","background-media":"","overlay-type":"","overlay-color":"","overlay-opacity":"","overlay-gradient":""},"tablet":{"background-color":"","background-image":"","background-repeat":"repeat","background-position":"center center","background-size":"auto","background-attachment":"scroll","background-type":"","background-media":"","overlay-type":"","overlay-color":"","overlay-opacity":"","overlay-gradient":""},"mobile":{"background-color":"","background-image":"","background-repeat":"repeat","background-position":"center center","background-size":"auto","background-attachment":"scroll","background-type":"","background-media":"","overlay-type":"","overlay-color":"","overlay-opacity":"","overlay-gradient":""}},"ast-content-background-meta":{"desktop":{"background-color":"var(--ast-global-color-5)","background-image":"","background-repeat":"repeat","background-position":"center center","background-size":"auto","background-attachment":"scroll","background-type":"","background-media":"","overlay-type":"","overlay-color":"","overlay-opacity":"","overlay-gradient":""},"tablet":{"background-color":"var(--ast-global-color-5)","background-image":"","background-repeat":"repeat","background-position":"center center","background-size":"auto","background-attachment":"scroll","background-type":"","background-media":"","overlay-type":"","overlay-color":"","overlay-opacity":"","overlay-gradient":""},"mobile":{"background-color":"var(--ast-global-color-5)","background-image":"","background-repeat":"repeat","background-position":"center center","background-size":"auto","background-attachment":"scroll","background-type":"","background-media":"","overlay-type":"","overlay-color":"","overlay-opacity":"","overlay-gradient":""}},"footnotes":""},"class_list":["post-19","page","type-page","status-publish","has-post-thumbnail","hentry"],"aioseo_notices":[],"_links":{"self":[{"href":"https:\/\/www.bookingkirkenes.no\/de\/wp-json\/wp\/v2\/pages\/19","targetHints":{"allow":["GET"]}}],"collection":[{"href":"https:\/\/www.bookingkirkenes.no\/de\/wp-json\/wp\/v2\/pages"}],"about":[{"href":"https:\/\/www.bookingkirkenes.no\/de\/wp-json\/wp\/v2\/types\/page"}],"author":[{"embeddable":true,"href":"https:\/\/www.bookingkirkenes.no\/de\/wp-json\/wp\/v2\/users\/1"}],"replies":[{"embeddable":true,"href":"https:\/\/www.bookingkirkenes.no\/de\/wp-json\/wp\/v2\/comments?post=19"}],"version-history":[{"count":20,"href":"https:\/\/www.bookingkirkenes.no\/de\/wp-json\/wp\/v2\/pages\/19\/revisions"}],"predecessor-version":[{"id":3209,"href":"https:\/\/www.bookingkirkenes.no\/de\/wp-json\/wp\/v2\/pages\/19\/revisions\/3209"}],"wp:featuredmedia":[{"embeddable":true,"href":"https:\/\/www.bookingkirkenes.no\/de\/wp-json\/wp\/v2\/media\/1791"}],"wp:attachment":[{"href":"https:\/\/www.bookingkirkenes.no\/de\/wp-json\/wp\/v2\/media?parent=19"}],"curies":[{"name":"wp","href":"https:\/\/api.w.org\/{rel}","templated":true}]}}