{"id":1876,"date":"2022-03-01T14:21:20","date_gmt":"2022-03-01T13:21:20","guid":{"rendered":"https:\/\/www.bookingkirkenes.no\/?page_id=1876"},"modified":"2022-10-28T10:05:24","modified_gmt":"2022-10-28T08:05:24","slug":"eco-lighthouse-2","status":"publish","type":"page","link":"https:\/\/www.bookingkirkenes.no\/de\/eco-lighthouse-2\/","title":{"rendered":"\u00d6ko-Leuchtturm"},"content":{"rendered":"<h2 class=\"wp-block-heading\">Booking Kirkenes ist Eco-Lighthouse-zertifiziert! <\/h2>\n\n\n\n<figure class=\"wp-block-image size-full\"><img decoding=\"async\" width=\"95\" height=\"79\" src=\"https:\/\/www.bookingkirkenes.no\/wp-content\/uploads\/2022\/03\/Eco-lighthouse-logo-color-f9e98d56.png\" alt=\"\" class=\"wp-image-1877\" srcset=\"https:\/\/www.bookingkirkenes.no\/wp-content\/uploads\/2022\/03\/Eco-lighthouse-logo-color-f9e98d56.png 95w, https:\/\/www.bookingkirkenes.no\/wp-content\/uploads\/2022\/03\/Eco-lighthouse-logo-color-f9e98d56-14x12.png 14w\" sizes=\"(max-width: 95px) 100vw, 95px\" \/><\/figure>\n\n\n\n<p>Wir sind unglaublich stolz. Jetzt haben wir einen sichtbaren Beweis daf\u00fcr, dass wir Verantwortung \u00fcbernehmen, und ein konkretes Instrument, um kontinuierlich an Umweltverbesserungen und gr\u00fcnem Wandel zu arbeiten.<\/p>\n\n\n\n<p>Booking Kirkenes arbeitet nach den folgenden 10 Nachhaltigkeitsprinzipien und unser Ziel ist es, eine nachhaltige Tourismusindustrie in der Gemeinde S\u00f8r-Varanger zu schaffen.<\/p>\n\n\n\n<p><strong>Erhaltung von Natur, Kultur und Umwelt<\/strong><\/p>\n\n\n\n<p>13.1. Kultureller Reichtum<\/p>\n\n\n\n<p>Das historische Kulturerbe, die authentische Kultur, die Traditionen und Besonderheiten der lokalen Gemeinschaft zu respektieren, weiterzuentwickeln und hervorzuheben.<\/p>\n\n\n\n<p>13.2. Die physische und visuelle Integrit\u00e4t der Landschaft<\/p>\n\n\n\n<p>Erhaltung und Weiterentwicklung der Landschaftsqualit\u00e4t sowohl f\u00fcr st\u00e4dtische als auch f\u00fcr l\u00e4ndliche Gebiete, damit die physische und visuelle Integrit\u00e4t der Landschaft nicht beeintr\u00e4chtigt wird.<\/p>\n\n\n\n<p>13.3. Biodiversit\u00e4t<\/p>\n\n\n\n<p>Die Erhaltung von Naturgebieten, Wildtieren und Lebensr\u00e4umen zu unterst\u00fctzen und deren Zerst\u00f6rung zu minimieren.<\/p>\n\n\n\n<p>13.4. Saubere Umwelt und Ressourceneffizienz<\/p>\n\n\n\n<p>Minimierung der Luft-, Wasser- und Bodenverschmutzung durch Tourismusunternehmen und Touristen (einschlie\u00dflich L\u00e4rm) sowie Minimierung der Erzeugung ihrer Abf\u00e4lle und des Verbrauchs knapper und nicht erneuerbarer Ressourcen.<\/p>\n\n\n\n<p><strong>Soziale Werte st\u00e4rken<\/strong><\/p>\n\n\n\n<p>13.5. Lokale Lebensqualit\u00e4t und soziale Werte<\/p>\n\n\n\n<p>Die Lebensqualit\u00e4t in der lokalen Gemeinschaft zu erhalten und zu st\u00e4rken, einschlie\u00dflich sozialer Strukturen, Zugang zu Ressourcen, Einrichtungen und \u00f6ffentlichen G\u00fctern f\u00fcr alle, sowie jede Form von sozialer Erniedrigung und Ausbeutung zu vermeiden. 13.6. Lokale Kontrolle und Verpflichtung<\/p>\n\n\n\n<p>Einbindung und St\u00e4rkung der lokalen Gemeinschaft und lokaler Interessengruppen in Bezug auf Planung, Entscheidungsfindung und Entwicklung des lokalen Tourismus. 13.7. Arbeitsplatzqualit\u00e4t f\u00fcr Tourismusmitarbeiter<\/p>\n\n\n\n<p>St\u00e4rkung der Qualit\u00e4t von Arbeitspl\u00e4tzen im Tourismus (direkt und indirekt), einschlie\u00dflich Lohnniveau und Arbeitsbedingungen ohne Diskriminierung aufgrund von Geschlecht, Rasse, Behinderung oder anderen Faktoren.<\/p>\n\n\n\n<p>13.8. G\u00e4stezufriedenheit, Sicherheit und Erlebnisqualit\u00e4t<\/p>\n\n\n\n<p>Sichere, zufriedenstellende und bereichernde Erfahrungen f\u00fcr alle Touristen zu gew\u00e4hrleisten, unabh\u00e4ngig von Geschlecht, Rasse, Behinderung oder anderen Faktoren.<\/p>\n\n\n\n<p><strong>Wirtschaftlichkeit<\/strong><\/p>\n\n\n\n<p>13.9. Wirtschaftlich tragf\u00e4hige und wettbewerbsf\u00e4hige Tourismusdestinationen durch lokale Wertsch\u00f6pfung<\/p>\n\n\n\n<p>Um die Rentabilit\u00e4t und Wettbewerbsf\u00e4higkeit von Tourismusdestinationen langfristig sicherzustellen, indem die Wertsch\u00f6pfung des Tourismus in der lokalen Gemeinschaft maximiert wird, einschlie\u00dflich dessen, was Touristen an Werten vor Ort hinterlassen. 13.10. Wirtschaftlich tragf\u00e4hige und wettbewerbsf\u00e4hige Tourismusunternehmen<\/p>\n\n\n\n<p>Die Rentabilit\u00e4t und Wettbewerbsf\u00e4higkeit von Tourismusunternehmen langfristig sicherzustellen.<\/p>\n\n\n\n<p>Lassen Sie unser Haus in seinem sch\u00f6nen Zustand, damit auch zuk\u00fcnftige Generationen ihren Aufenthalt genie\u00dfen k\u00f6nnen<\/p>\n\n\n\n<p><strong>Ein Leitfaden f\u00fcr unsere G\u00e4ste<\/strong><\/p>\n\n\n\n<p>Unser gr\u00f6\u00dfter und wichtigster Schatz ist die Natur. Hier k\u00f6nnen Sie saubere Luft einatmen, das beste Quellwasser der Welt direkt aus dem Wasserhahn oder aus einem kristallklaren Fluss trinken. Um diesen Schatz und den Hauptgrund, warum Sie uns besuchen, m\u00fcssen wir uns k\u00fcmmern!<\/p>\n\n\n\n<ul class=\"blue-link wp-block-list\"><li>&nbsp;Wir empfehlen dringend, eine gef\u00fchrte Tour zu buchen. Auf sanfte und professionelle Weise werden Sie durch die Natur gef\u00fchrt<\/li><li>Folgen Sie den Anweisungen Ihres Guides<\/li><li>&nbsp;Lassen Sie nichts in der Natur liegen: Nehmen Sie Ihren M\u00fcll mit und benutzen Sie Toilettenanlagen<\/li><li>Hinterlassen Sie keine Spuren in der Natur: Verwenden Sie immer markierte Wege, nutzen Sie vorhandene Lagerfeuerstellen (denken Sie daran, dass das Anz\u00fcnden von Feuern in Naturgebieten vom 15. April bis 15. September nicht erlaubt ist)<\/li><li>Respektieren Sie die Tier- und Pflanzenwelt<\/li><li>Lokal verwenden: Was Sie vor Ort kaufen k\u00f6nnen, kaufen Sie es vor Ort. Verwenden Sie auf Reisen lokale F\u00fchrer<\/li><li>&nbsp;Zeigen Sie Respekt gegen\u00fcber Einheimischen und anderen Wanderern. Es ist durchaus \u00fcblich, sich in der Natur zu begr\u00fc\u00dfen.<\/li><li>Denken Sie daran, dass Stille Teil der Erfahrung ist.<\/li><li>&nbsp;&nbsp;Wenn Sie Personen in der Umgebung fotografieren, fragen Sie sie bitte, ob das in Ordnung ist<\/li><li>Im Pasvikdalen und im oberen Pasvik-Nationalpark gelten Sonderregeln. Es ist zum Beispiel nicht erlaubt, mit heruntergefallenem Holz ein Feuer anzuz\u00fcnden. Mehr Info: <a href=\"https:\/\/www.norgesnasjonalparker.no\/nasjonalparker\/ovre-pasvik\/\">https:\/\/www.norgesnasjonalparker.no\/nasjonalparker\/ovre-pasvik\/<\/a><\/li><\/ul>\n\n\n\n<p>Wir k\u00fcmmern uns und hoffen, dass Sie sich auch interessieren.<\/p>\n\n\n\n<p>F\u00fchlen Sie sich frei, Ihre Erfahrungen zu teilen. Sie finden uns sowohl auf Facebook als auch auf Instagram.<\/p>\n\n\n\n<p>Viel Spa\u00df in Kirkenes!<\/p>","protected":false},"excerpt":{"rendered":"<p>Booking Kirkenes is Eco-Lighthouse certified! We are incredibly proud. Now we have a visible proof that we take responsibility, and a concrete tool for working continuously with environmental improvements and green change. Booking Kirkenes works according to the following 10 sustainability principles and our goal is to create a sustainable tourism industry in S\u00f8r-Varanger Municipality. [&hellip;]<\/p>\n","protected":false},"author":1,"featured_media":0,"parent":0,"menu_order":0,"comment_status":"closed","ping_status":"closed","template":"","meta":{"site-sidebar-layout":"default","site-content-layout":"default","ast-site-content-layout":"default","site-content-style":"default","site-sidebar-style":"default","ast-global-header-display":"","ast-banner-title-visibility":"","ast-main-header-display":"","ast-hfb-above-header-display":"","ast-hfb-below-header-display":"","ast-hfb-mobile-header-display":"","site-post-title":"","ast-breadcrumbs-content":"","ast-featured-img":"","footer-sml-layout":"","ast-disable-related-posts":"","theme-transparent-header-meta":"default","adv-header-id-meta":"","stick-header-meta":"","header-above-stick-meta":"","header-main-stick-meta":"","header-below-stick-meta":"","astra-migrate-meta-layouts":"default","ast-page-background-enabled":"default","ast-page-background-meta":{"desktop":{"background-color":"var(--ast-global-color-4)","background-image":"","background-repeat":"repeat","background-position":"center center","background-size":"auto","background-attachment":"scroll","background-type":"","background-media":"","overlay-type":"","overlay-color":"","overlay-opacity":"","overlay-gradient":""},"tablet":{"background-color":"","background-image":"","background-repeat":"repeat","background-position":"center center","background-size":"auto","background-attachment":"scroll","background-type":"","background-media":"","overlay-type":"","overlay-color":"","overlay-opacity":"","overlay-gradient":""},"mobile":{"background-color":"","background-image":"","background-repeat":"repeat","background-position":"center center","background-size":"auto","background-attachment":"scroll","background-type":"","background-media":"","overlay-type":"","overlay-color":"","overlay-opacity":"","overlay-gradient":""}},"ast-content-background-meta":{"desktop":{"background-color":"var(--ast-global-color-5)","background-image":"","background-repeat":"repeat","background-position":"center center","background-size":"auto","background-attachment":"scroll","background-type":"","background-media":"","overlay-type":"","overlay-color":"","overlay-opacity":"","overlay-gradient":""},"tablet":{"background-color":"var(--ast-global-color-5)","background-image":"","background-repeat":"repeat","background-position":"center center","background-size":"auto","background-attachment":"scroll","background-type":"","background-media":"","overlay-type":"","overlay-color":"","overlay-opacity":"","overlay-gradient":""},"mobile":{"background-color":"var(--ast-global-color-5)","background-image":"","background-repeat":"repeat","background-position":"center center","background-size":"auto","background-attachment":"scroll","background-type":"","background-media":"","overlay-type":"","overlay-color":"","overlay-opacity":"","overlay-gradient":""}},"footnotes":""},"class_list":["post-1876","page","type-page","status-publish","hentry"],"aioseo_notices":[],"_links":{"self":[{"href":"https:\/\/www.bookingkirkenes.no\/de\/wp-json\/wp\/v2\/pages\/1876","targetHints":{"allow":["GET"]}}],"collection":[{"href":"https:\/\/www.bookingkirkenes.no\/de\/wp-json\/wp\/v2\/pages"}],"about":[{"href":"https:\/\/www.bookingkirkenes.no\/de\/wp-json\/wp\/v2\/types\/page"}],"author":[{"embeddable":true,"href":"https:\/\/www.bookingkirkenes.no\/de\/wp-json\/wp\/v2\/users\/1"}],"replies":[{"embeddable":true,"href":"https:\/\/www.bookingkirkenes.no\/de\/wp-json\/wp\/v2\/comments?post=1876"}],"version-history":[{"count":3,"href":"https:\/\/www.bookingkirkenes.no\/de\/wp-json\/wp\/v2\/pages\/1876\/revisions"}],"predecessor-version":[{"id":3980,"href":"https:\/\/www.bookingkirkenes.no\/de\/wp-json\/wp\/v2\/pages\/1876\/revisions\/3980"}],"wp:attachment":[{"href":"https:\/\/www.bookingkirkenes.no\/de\/wp-json\/wp\/v2\/media?parent=1876"}],"curies":[{"name":"wp","href":"https:\/\/api.w.org\/{rel}","templated":true}]}}