{"id":1749,"date":"2022-02-21T12:46:30","date_gmt":"2022-02-21T11:46:30","guid":{"rendered":"https:\/\/www.bookingkirkenes.no\/?page_id=1749"},"modified":"2022-03-01T11:50:28","modified_gmt":"2022-03-01T10:50:28","slug":"opplev-finnmark","status":"publish","type":"page","link":"https:\/\/www.bookingkirkenes.no\/de\/opplev-finnmark\/","title":{"rendered":"Oppelw Finnmark"},"content":{"rendered":"<h3 class=\"wp-block-heading\">Wir bieten Touren durch die Finnmark (von Kirkenes im Osten bis Alta im Westen) f\u00fcr Gruppen ab 10 Personen an.<\/h3>\n\n\n\n<p><\/p>\n\n\n\n<p>Alle unsere Reisen beginnen in Kirkenes und Sie k\u00f6nnen hier entweder mit dem Flugzeug (SAS, Norwegian, Wider\u00f8e) oder Hurtigruta anreisen. Die Reise kann entweder in Kirkenes oder Alta enden. Wir stellen einen Minibus \/ gro\u00dfen Bus und Fahrer + Reiseleiter zur Verf\u00fcgung.<br>Die Dauer kann von 3 oder mehr Tagen auf 1-2 Wochen verl\u00e4ngert werden.<br>Kontaktieren Sie uns und wir helfen Ihnen, ein Paket zusammenzustellen.<br>Hier sind ein paar Vorschl\u00e4ge:<\/p>\n\n\n\n<figure class=\"wp-block-gallery has-nested-images columns-default is-cropped wp-block-gallery-1 is-layout-flex wp-block-gallery-is-layout-flex\">\n<figure class=\"wp-block-image size-large\"><a href=\"https:\/\/www.bookingkirkenes.no\/wp-content\/uploads\/2022\/02\/IMG_20200620_163017_resized_20200623_024318010.jpg\"><img fetchpriority=\"high\" decoding=\"async\" width=\"1632\" height=\"920\" data-id=\"1785\" src=\"https:\/\/www.bookingkirkenes.no\/wp-content\/uploads\/2022\/02\/IMG_20200620_163017_resized_20200623_024318010.jpg\" alt=\"Bug\u00f8ynes\" class=\"wp-image-1785\" srcset=\"https:\/\/www.bookingkirkenes.no\/wp-content\/uploads\/2022\/02\/IMG_20200620_163017_resized_20200623_024318010.jpg 1632w, https:\/\/www.bookingkirkenes.no\/wp-content\/uploads\/2022\/02\/IMG_20200620_163017_resized_20200623_024318010-300x169.jpg 300w, https:\/\/www.bookingkirkenes.no\/wp-content\/uploads\/2022\/02\/IMG_20200620_163017_resized_20200623_024318010-1024x577.jpg 1024w, https:\/\/www.bookingkirkenes.no\/wp-content\/uploads\/2022\/02\/IMG_20200620_163017_resized_20200623_024318010-768x433.jpg 768w, https:\/\/www.bookingkirkenes.no\/wp-content\/uploads\/2022\/02\/IMG_20200620_163017_resized_20200623_024318010-1536x866.jpg 1536w, https:\/\/www.bookingkirkenes.no\/wp-content\/uploads\/2022\/02\/IMG_20200620_163017_resized_20200623_024318010-18x10.jpg 18w, https:\/\/www.bookingkirkenes.no\/wp-content\/uploads\/2022\/02\/IMG_20200620_163017_resized_20200623_024318010-600x338.jpg 600w\" sizes=\"(max-width: 1632px) 100vw, 1632px\" \/><\/a><\/figure>\n\n\n\n<figure class=\"wp-block-image size-large\"><a href=\"https:\/\/www.bookingkirkenes.no\/wp-content\/uploads\/2022\/02\/IMG_20200825_201440-scaled.jpg\"><img decoding=\"async\" width=\"2560\" height=\"1443\" data-id=\"1786\" src=\"https:\/\/www.bookingkirkenes.no\/wp-content\/uploads\/2022\/02\/IMG_20200825_201440-scaled.jpg\" alt=\"Nature\" class=\"wp-image-1786\" srcset=\"https:\/\/www.bookingkirkenes.no\/wp-content\/uploads\/2022\/02\/IMG_20200825_201440-scaled.jpg 2560w, https:\/\/www.bookingkirkenes.no\/wp-content\/uploads\/2022\/02\/IMG_20200825_201440-300x169.jpg 300w, https:\/\/www.bookingkirkenes.no\/wp-content\/uploads\/2022\/02\/IMG_20200825_201440-1024x577.jpg 1024w, https:\/\/www.bookingkirkenes.no\/wp-content\/uploads\/2022\/02\/IMG_20200825_201440-768x433.jpg 768w, https:\/\/www.bookingkirkenes.no\/wp-content\/uploads\/2022\/02\/IMG_20200825_201440-1536x866.jpg 1536w, https:\/\/www.bookingkirkenes.no\/wp-content\/uploads\/2022\/02\/IMG_20200825_201440-2048x1155.jpg 2048w, https:\/\/www.bookingkirkenes.no\/wp-content\/uploads\/2022\/02\/IMG_20200825_201440-18x10.jpg 18w, https:\/\/www.bookingkirkenes.no\/wp-content\/uploads\/2022\/02\/IMG_20200825_201440-600x338.jpg 600w\" sizes=\"(max-width: 2560px) 100vw, 2560px\" \/><\/a><\/figure>\n\n\n\n<figure class=\"wp-block-image size-large\"><a href=\"https:\/\/www.bookingkirkenes.no\/wp-content\/uploads\/2022\/02\/IMG_20200826_212253-scaled.jpg\"><img decoding=\"async\" width=\"2560\" height=\"1443\" data-id=\"1787\" src=\"https:\/\/www.bookingkirkenes.no\/wp-content\/uploads\/2022\/02\/IMG_20200826_212253-scaled.jpg\" alt=\"\" class=\"wp-image-1787\" srcset=\"https:\/\/www.bookingkirkenes.no\/wp-content\/uploads\/2022\/02\/IMG_20200826_212253-scaled.jpg 2560w, https:\/\/www.bookingkirkenes.no\/wp-content\/uploads\/2022\/02\/IMG_20200826_212253-300x169.jpg 300w, https:\/\/www.bookingkirkenes.no\/wp-content\/uploads\/2022\/02\/IMG_20200826_212253-1024x577.jpg 1024w, https:\/\/www.bookingkirkenes.no\/wp-content\/uploads\/2022\/02\/IMG_20200826_212253-768x433.jpg 768w, https:\/\/www.bookingkirkenes.no\/wp-content\/uploads\/2022\/02\/IMG_20200826_212253-1536x866.jpg 1536w, https:\/\/www.bookingkirkenes.no\/wp-content\/uploads\/2022\/02\/IMG_20200826_212253-2048x1155.jpg 2048w, https:\/\/www.bookingkirkenes.no\/wp-content\/uploads\/2022\/02\/IMG_20200826_212253-18x10.jpg 18w, https:\/\/www.bookingkirkenes.no\/wp-content\/uploads\/2022\/02\/IMG_20200826_212253-600x338.jpg 600w\" sizes=\"(max-width: 2560px) 100vw, 2560px\" \/><\/a><\/figure>\n<\/figure>\n\n\n\n<p><br><strong>RUNDFAHRT 1: Von Pasvik zur Barentssee \u2013 S\u00fcd- und Nordvaranger<\/strong><br>Hier erleben Sie eine gro\u00dfe Vielfalt an Landschaften und Natur. Von Pasvik mit seinem \u00fcppigen sibirischen Taiga-Wald bis zur Barentssee.<br>Kirkenes \u2013 Pasvikdalen \u2013 Bug\u00f8ynes \u2013 Ekker\u00f8y \u2013 Vard\u00f8 \u2013 Hamningberg \u2013 Kirkenes<\/p>\n\n\n\n<p><br><strong>RUNDFAHRT 2: \u00d8stfinnmark-Runde<\/strong><br>Eine majest\u00e4tische Landschaft erwartet Sie. Hier erleben Sie das offene Meer mit all seiner Kraft, gleichzeitig birgt die Gegend unglaublich viel spannende Geschichte und Kriegserinnerungen.<br>Kirkenes \u2013 Kongsfjord \u2013 Berlev\u00e5g \u2013 B\u00e5tsfjord \u2013 Kirkenes<\/p>\n\n\n\n<p><br><strong>RUNDFAHRT 3: Finnmark Binnenland<\/strong><br>Wir machen eine Tour durch die Innere Finnmark mit der spannenden samischen Kultur. Gleichzeitig erleben Sie die herrliche Finnmarksvidda und den gro\u00dfen Porsangerfjord.<br>Kirkenes \u2013 Tana \u2013 Karasjok \u2013 Lakselv \u2013 Ifjordfjell \u2013 Kirkenes<br>Interessiert? Nehmen Sie Kontakt auf und wir senden Ihnen ein Angebot<br><a href=\"mailto:info@bookingkirkenes.no\">info@bookingkirkenes.no<\/a><\/p>","protected":false},"excerpt":{"rendered":"<p>We offer tours throughout Finnmark (from Kirkenes in the East to Alta in the West) for groups from minimum 10 persons. All our trips start in Kirkenes and you can travel here either by plane (SAS, Norwegian, Wider\u00f8e) or Hurtigruta. The trip can either end in Kirkenes or Alta. We provide a minibus \/ large [&hellip;]<\/p>\n","protected":false},"author":1,"featured_media":0,"parent":0,"menu_order":0,"comment_status":"closed","ping_status":"closed","template":"","meta":{"site-sidebar-layout":"default","site-content-layout":"default","ast-site-content-layout":"default","site-content-style":"default","site-sidebar-style":"default","ast-global-header-display":"","ast-banner-title-visibility":"","ast-main-header-display":"","ast-hfb-above-header-display":"","ast-hfb-below-header-display":"","ast-hfb-mobile-header-display":"","site-post-title":"","ast-breadcrumbs-content":"","ast-featured-img":"","footer-sml-layout":"","ast-disable-related-posts":"","theme-transparent-header-meta":"default","adv-header-id-meta":"","stick-header-meta":"","header-above-stick-meta":"","header-main-stick-meta":"","header-below-stick-meta":"","astra-migrate-meta-layouts":"default","ast-page-background-enabled":"default","ast-page-background-meta":{"desktop":{"background-color":"var(--ast-global-color-4)","background-image":"","background-repeat":"repeat","background-position":"center center","background-size":"auto","background-attachment":"scroll","background-type":"","background-media":"","overlay-type":"","overlay-color":"","overlay-opacity":"","overlay-gradient":""},"tablet":{"background-color":"","background-image":"","background-repeat":"repeat","background-position":"center center","background-size":"auto","background-attachment":"scroll","background-type":"","background-media":"","overlay-type":"","overlay-color":"","overlay-opacity":"","overlay-gradient":""},"mobile":{"background-color":"","background-image":"","background-repeat":"repeat","background-position":"center center","background-size":"auto","background-attachment":"scroll","background-type":"","background-media":"","overlay-type":"","overlay-color":"","overlay-opacity":"","overlay-gradient":""}},"ast-content-background-meta":{"desktop":{"background-color":"var(--ast-global-color-5)","background-image":"","background-repeat":"repeat","background-position":"center center","background-size":"auto","background-attachment":"scroll","background-type":"","background-media":"","overlay-type":"","overlay-color":"","overlay-opacity":"","overlay-gradient":""},"tablet":{"background-color":"var(--ast-global-color-5)","background-image":"","background-repeat":"repeat","background-position":"center center","background-size":"auto","background-attachment":"scroll","background-type":"","background-media":"","overlay-type":"","overlay-color":"","overlay-opacity":"","overlay-gradient":""},"mobile":{"background-color":"var(--ast-global-color-5)","background-image":"","background-repeat":"repeat","background-position":"center center","background-size":"auto","background-attachment":"scroll","background-type":"","background-media":"","overlay-type":"","overlay-color":"","overlay-opacity":"","overlay-gradient":""}},"footnotes":""},"class_list":["post-1749","page","type-page","status-publish","hentry"],"aioseo_notices":[],"_links":{"self":[{"href":"https:\/\/www.bookingkirkenes.no\/de\/wp-json\/wp\/v2\/pages\/1749","targetHints":{"allow":["GET"]}}],"collection":[{"href":"https:\/\/www.bookingkirkenes.no\/de\/wp-json\/wp\/v2\/pages"}],"about":[{"href":"https:\/\/www.bookingkirkenes.no\/de\/wp-json\/wp\/v2\/types\/page"}],"author":[{"embeddable":true,"href":"https:\/\/www.bookingkirkenes.no\/de\/wp-json\/wp\/v2\/users\/1"}],"replies":[{"embeddable":true,"href":"https:\/\/www.bookingkirkenes.no\/de\/wp-json\/wp\/v2\/comments?post=1749"}],"version-history":[{"count":6,"href":"https:\/\/www.bookingkirkenes.no\/de\/wp-json\/wp\/v2\/pages\/1749\/revisions"}],"predecessor-version":[{"id":1835,"href":"https:\/\/www.bookingkirkenes.no\/de\/wp-json\/wp\/v2\/pages\/1749\/revisions\/1835"}],"wp:attachment":[{"href":"https:\/\/www.bookingkirkenes.no\/de\/wp-json\/wp\/v2\/media?parent=1749"}],"curies":[{"name":"wp","href":"https:\/\/api.w.org\/{rel}","templated":true}]}}